{"id":351,"date":"2023-03-27T20:40:43","date_gmt":"2023-03-27T17:40:43","guid":{"rendered":"https:\/\/sebra.ag\/?page_id=351"},"modified":"2023-03-27T20:57:13","modified_gmt":"2023-03-27T17:57:13","slug":"research-analysis","status":"publish","type":"page","link":"https:\/\/sebra.ag\/pb\/research-analysis\/","title":{"rendered":""},"content":{"rendered":"<p>[vc_row][vc_column width=&#8221;1\/2&#8243;][vc_column_text]<img loading=\"lazy\" decoding=\"async\" class=\"aligncenter size-full wp-image-353\" src=\"https:\/\/sebra.ag\/wp-content\/uploads\/2023\/03\/pesquisas-analises.png\" alt=\"\" width=\"1620\" height=\"154\" srcset=\"https:\/\/sebra.ag\/wp-content\/uploads\/2023\/03\/pesquisas-analises.png 1620w, https:\/\/sebra.ag\/wp-content\/uploads\/2023\/03\/pesquisas-analises-300x29.png 300w, https:\/\/sebra.ag\/wp-content\/uploads\/2023\/03\/pesquisas-analises-1024x97.png 1024w, https:\/\/sebra.ag\/wp-content\/uploads\/2023\/03\/pesquisas-analises-768x73.png 768w, https:\/\/sebra.ag\/wp-content\/uploads\/2023\/03\/pesquisas-analises-1536x146.png 1536w, https:\/\/sebra.ag\/wp-content\/uploads\/2023\/03\/pesquisas-analises-1600x152.png 1600w\" sizes=\"auto, (max-width: 1620px) 100vw, 1620px\" \/>[\/vc_column_text][\/vc_column][vc_column width=&#8221;1\/2&#8243;][\/vc_column][\/vc_row][vc_row][vc_column][vc_column_text]<span style=\"font-weight: 400;\">Apesar de ser cultivada h\u00e1 muito tempo no Brasil \u2013 em um cen\u00e1rio e condi\u00e7\u00e3o de grande cultura, o gergelim \u00e9 uma cultura relativamente nova. Sendo assim, poucas informa\u00e7\u00f5es t\u00e9cnicas est\u00e3o dispon\u00edveis para o cultivo, colheita e armazenamento dos gr\u00e3os.\u00a0<\/span><\/p>\n<p><span style=\"font-weight: 400;\">Um dos maiores pilares da Sebra \u00e9 buscar <\/span><b>maximizar o desempenho e a produtividade dos campos de cultivo de gergelim<\/b><span style=\"font-weight: 400;\">. Por isso, o <\/span><b>desenvolvimento de pesquisas<\/b><span style=\"font-weight: 400;\"> \u2013 desde o plantio, tratos culturais, colheita e armazenamento \u2013 faz-se extremamente necess\u00e1rio para um produto final de<\/span><b> alta qualidade<\/b><span style=\"font-weight: 400;\">. <\/span>[\/vc_column_text][vc_empty_space height=&#8221;50px&#8221;][\/vc_column][\/vc_row][vc_row full_width=&#8221;stretch_row_content_no_spaces&#8221;][vc_column][vc_column_text]<img loading=\"lazy\" decoding=\"async\" class=\"aligncenter size-full wp-image-356\" src=\"https:\/\/sebra.ag\/wp-content\/uploads\/2023\/03\/pesquisas-analises-sebra-agricola_1920.jpg\" alt=\"\" width=\"1920\" height=\"962\" srcset=\"https:\/\/sebra.ag\/wp-content\/uploads\/2023\/03\/pesquisas-analises-sebra-agricola_1920.jpg 1920w, https:\/\/sebra.ag\/wp-content\/uploads\/2023\/03\/pesquisas-analises-sebra-agricola_1920-300x150.jpg 300w, https:\/\/sebra.ag\/wp-content\/uploads\/2023\/03\/pesquisas-analises-sebra-agricola_1920-1024x513.jpg 1024w, https:\/\/sebra.ag\/wp-content\/uploads\/2023\/03\/pesquisas-analises-sebra-agricola_1920-768x385.jpg 768w, https:\/\/sebra.ag\/wp-content\/uploads\/2023\/03\/pesquisas-analises-sebra-agricola_1920-1536x770.jpg 1536w, https:\/\/sebra.ag\/wp-content\/uploads\/2023\/03\/pesquisas-analises-sebra-agricola_1920-1600x802.jpg 1600w\" sizes=\"auto, (max-width: 1920px) 100vw, 1920px\" \/>[\/vc_column_text][\/vc_column][\/vc_row][vc_row][vc_column][vc_empty_space height=&#8221;50px&#8221;][vc_column_text]<span style=\"font-weight: 400;\">A pesquisa agron\u00f4mica \u00e9 ampla e multidisciplinar, exigindo a integra\u00e7\u00e3o de diversas \u00e1reas do conhecimento \u2013 a n\u00edvel de campo e laboratoriais, bem como teste de protocolos em condi\u00e7\u00f5es controladas, para posterior valida\u00e7\u00e3o em campo. Especialmente para os produtores parceiros da Sebra, as pesquisas e an\u00e1lises laboratoriais t\u00eam maior import\u00e2ncia, pelas dificuldades encontradas de baixa disponibilidade de cultivares adaptadas a cultivo mecanizado e porque h\u00e1 poucas informa\u00e7\u00f5es t\u00e9cnicas dispon\u00edveis de manejo do plantio \u00e0 colheita.<\/span>[\/vc_column_text][vc_empty_space height=&#8221;50px&#8221;][\/vc_column][\/vc_row][vc_row][vc_column][vc_column_text]<span style=\"font-weight: 400;\">Dentre alguns de nossos projetos de pesquisa: <strong>Nutri\u00e7\u00e3o mineral, Plantabilidade, Nematologia, Fitopatologia, Herbologia e Sistemas de plantio.<\/strong><\/span>[\/vc_column_text][vc_empty_space height=&#8221;50px&#8221;][\/vc_column][\/vc_row][vc_row][vc_column width=&#8221;1\/4&#8243;][vc_single_image image=&#8221;362&#8243; img_size=&#8221;full&#8221; alignment=&#8221;center&#8221; style=&#8221;vc_box_circle_2&#8243;][\/vc_column][vc_column width=&#8221;3\/4&#8243;][vc_empty_space height=&#8221;50px&#8221;][vc_column_text]<strong>Nutri\u00e7\u00e3o Mineral<\/strong><\/p>\n<p><span style=\"font-weight: 400;\">Na \u00e1rea de nutri\u00e7\u00e3o mineral, podemos <\/span><span style=\"font-weight: 400;\">verificar a quantidade de nutrientes exportados pela cultura, determinar qual a aduba\u00e7\u00e3o deve ser feita para cada variedade e quais produtos s\u00e3o mais eficientes para garantir m\u00e1xima produtividade;<\/span>[\/vc_column_text][\/vc_column][\/vc_row][vc_row][vc_column][vc_empty_space height=&#8221;50px&#8221;][\/vc_column][\/vc_row][vc_row][vc_column width=&#8221;1\/4&#8243;][vc_single_image image=&#8221;363&#8243; img_size=&#8221;full&#8221; alignment=&#8221;center&#8221; style=&#8221;vc_box_circle_2&#8243;][\/vc_column][vc_column width=&#8221;3\/4&#8243;][vc_empty_space height=&#8221;40px&#8221;][vc_column_text]<strong>Plantabilidade<\/strong><\/p>\n<p><span style=\"font-weight: 400;\">Na plantabilidade avaliamos os melhores espa\u00e7amentos entre linhas e entre plantas para cada cultivar. Al\u00e9m de avaliar a efici\u00eancia da peletiza\u00e7\u00e3o das sementes como forma de promover uma melhor distribui\u00e7\u00e3o, garantindo <\/span><i><span style=\"font-weight: 400;\">stands<\/span><\/i><span style=\"font-weight: 400;\"> mais uniformes e aumentando a produtividade.<\/span>[\/vc_column_text][\/vc_column][\/vc_row][vc_row][vc_column][vc_empty_space height=&#8221;50px&#8221;][\/vc_column][\/vc_row][vc_row][vc_column width=&#8221;1\/4&#8243;][vc_single_image image=&#8221;366&#8243; img_size=&#8221;full&#8221; alignment=&#8221;center&#8221; style=&#8221;vc_box_circle_2&#8243;][\/vc_column][vc_column width=&#8221;3\/4&#8243;][vc_empty_space height=&#8221;10px&#8221;][vc_column_text]<strong>Nematologia e Fitopatologia<\/strong><\/p>\n<p><span style=\"font-weight: 400;\">Na nematologia, verificamos se as variedades de gergelim hospedam ou multiplicam nemat\u00f3ides;<\/span><\/p>\n<p><span style=\"font-weight: 400;\">Na fitopatologia, identificamos os pat\u00f3genos incidentes nas sementes e nas \u00e1reas de cultivo, e o per\u00edodo cr\u00edtico de ocorr\u00eancia, de forma a identificar o \u201c<i>time<\/i>\u201d de aplica\u00e7\u00e3o de defensivos.<\/span>[\/vc_column_text][\/vc_column][\/vc_row][vc_row][vc_column][vc_empty_space height=&#8221;50px&#8221;][\/vc_column][\/vc_row][vc_row][vc_column width=&#8221;1\/4&#8243;][vc_single_image image=&#8221;370&#8243; img_size=&#8221;full&#8221; alignment=&#8221;center&#8221; style=&#8221;vc_box_circle_2&#8243;][\/vc_column][vc_column width=&#8221;3\/4&#8243;][vc_empty_space height=&#8221;60px&#8221;][vc_column_text]<strong>Herbologia<\/strong><\/p>\n<p><span style=\"font-weight: 400;\">Na herbologia, avaliamos constantemente uma gama de ingredientes ativos a fim de buscar produtos seletivos \u00e0 cultura do gergelim.<\/span>[\/vc_column_text][\/vc_column][\/vc_row][vc_row][vc_column][vc_empty_space height=&#8221;50px&#8221;][\/vc_column][\/vc_row][vc_row][vc_column width=&#8221;1\/4&#8243;][vc_single_image image=&#8221;374&#8243; img_size=&#8221;full&#8221; alignment=&#8221;center&#8221; style=&#8221;vc_box_circle_2&#8243;][\/vc_column][vc_column width=&#8221;3\/4&#8243;][vc_empty_space height=&#8221;60px&#8221;][vc_column_text]<strong>Sistemas de Plantio<\/strong><\/p>\n<p><span style=\"font-weight: 400;\">Nos sistemas de plantio, avaliamos as culturas do gergelim e do milho sob a compacta\u00e7\u00e3o de solo e quais os efeitos dos dois sistemas na soja em sucess\u00e3o.<\/span>[\/vc_column_text][\/vc_column][\/vc_row][vc_row][vc_column][vc_empty_space height=&#8221;50px&#8221;][vc_column_text]<span style=\"font-weight: 400;\">Al\u00e9m destes e outros projetos de pesquisa, tamb\u00e9m possu\u00edmos um <\/span><b>programa de melhoramento gen\u00e9tico<\/b><span style=\"font-weight: 400;\">, com estrat\u00e9gias de melhoramento cl\u00e1ssico e molecular para o aumento da produtividade e inser\u00e7\u00e3o de caracter\u00edsticas desej\u00e1veis;<\/span><b> produ\u00e7\u00e3o de sementes certificadas<\/b><span style=\"font-weight: 400;\">; e <\/span><b>controle de qualidade de sementes <\/b><span style=\"font-weight: 400;\">p\u00f3s-colheita, que envolve a constante realiza\u00e7\u00e3o de an\u00e1lises laboratoriais visando a manuten\u00e7\u00e3o da qualidade do gergelim.<\/span><\/p>\n<p><span style=\"font-weight: 400;\">Atrav\u00e9s do investimento em pesquisas e an\u00e1lises laboratoriais, a Sebra busca sempre <\/span><b>trazer resultados t\u00e9cnicos<\/b><span style=\"font-weight: 400;\"> para uso dos produtores em suas lavouras, <\/span><b>garantindo maior produtividade<\/b><span style=\"font-weight: 400;\">. E, na ponta da cadeia de produ\u00e7\u00e3o do gergelim, <\/span><b>os maiores beneficiados s\u00e3o os clientes e consumidores finais<\/b><span style=\"font-weight: 400;\">, que podem adquirir e usufruir de um <\/span><b>produto de qualidade superior<\/b><span style=\"font-weight: 400;\"> e que atende as mais diferentes finalidades.<\/span>[\/vc_column_text][vc_empty_space height=&#8221;50px&#8221;][vc_column_text]<\/p>\n<h3><strong>Essas iniciativas v\u00e3o em encontro \u00e0 miss\u00e3o da Sebra, que \u00e9 fazer do Brasil o maior produtor de gergelim do mundo.<\/strong><\/h3>\n<p>[\/vc_column_text][\/vc_column][\/vc_row][vc_row][vc_column width=&#8221;1\/4&#8243;][\/vc_column][vc_column width=&#8221;1\/2&#8243;][vc_empty_space height=&#8221;50px&#8221;][vc_column_text]<a href=\"https:\/\/sebra.ag\/contact-us\/\"><img loading=\"lazy\" decoding=\"async\" class=\"aligncenter wp-image-273 size-full\" src=\"https:\/\/sebra.ag\/wp-content\/uploads\/2021\/04\/entre-em-contato-conosco.jpg\" alt=\"\" width=\"1924\" height=\"300\" srcset=\"https:\/\/sebra.ag\/wp-content\/uploads\/2021\/04\/entre-em-contato-conosco.jpg 1924w, https:\/\/sebra.ag\/wp-content\/uploads\/2021\/04\/entre-em-contato-conosco-300x47.jpg 300w, https:\/\/sebra.ag\/wp-content\/uploads\/2021\/04\/entre-em-contato-conosco-1024x160.jpg 1024w, https:\/\/sebra.ag\/wp-content\/uploads\/2021\/04\/entre-em-contato-conosco-768x120.jpg 768w, https:\/\/sebra.ag\/wp-content\/uploads\/2021\/04\/entre-em-contato-conosco-1536x240.jpg 1536w, https:\/\/sebra.ag\/wp-content\/uploads\/2021\/04\/entre-em-contato-conosco-1600x249.jpg 1600w\" sizes=\"auto, (max-width: 1924px) 100vw, 1924px\" \/><\/a>[\/vc_column_text][\/vc_column][vc_column width=&#8221;1\/4&#8243;][\/vc_column][\/vc_row]<\/p>","protected":false},"excerpt":{"rendered":"<p>[vc_row][vc_column width=&#8221;1\/2&#8243;][vc_column_text][\/vc_column_text][\/vc_column][vc_column width=&#8221;1\/2&#8243;][\/vc_column][\/vc_row][vc_row][vc_column][vc_column_text]Apesar de ser cultivada h\u00e1 muito tempo no Brasil \u2013 em um cen\u00e1rio e condi\u00e7\u00e3o de grande cultura,&hellip;<\/p>\n","protected":false},"author":1,"featured_media":0,"parent":0,"menu_order":0,"comment_status":"closed","ping_status":"closed","template":"","meta":{"footnotes":""},"class_list":["post-351","page","type-page","status-publish","hentry"],"yoast_head":"<!-- This site is optimized with the Yoast SEO plugin v23.9 - https:\/\/yoast.com\/wordpress\/plugins\/seo\/ -->\n<title>- Sebra<\/title>\n<meta name=\"robots\" content=\"index, follow, max-snippet:-1, max-image-preview:large, max-video-preview:-1\" \/>\n<link rel=\"canonical\" href=\"https:\/\/sebra.ag\/research-analysis\/\" \/>\n<meta property=\"og:locale\" content=\"pt_BR\" \/>\n<meta property=\"og:type\" content=\"article\" \/>\n<meta property=\"og:title\" content=\"- Sebra\" \/>\n<meta property=\"og:description\" content=\"[vc_row][vc_column width=&#8221;1\/2&#8243;][vc_column_text][\/vc_column_text][\/vc_column][vc_column width=&#8221;1\/2&#8243;][\/vc_column][\/vc_row][vc_row][vc_column][vc_column_text]Apesar de ser cultivada h\u00e1 muito tempo no Brasil \u2013 em um cen\u00e1rio e condi\u00e7\u00e3o de grande cultura,&hellip;\" \/>\n<meta property=\"og:url\" content=\"https:\/\/sebra.ag\/research-analysis\/\" \/>\n<meta property=\"og:site_name\" content=\"Sebra\" \/>\n<meta property=\"article:modified_time\" content=\"2023-03-27T17:57:13+00:00\" \/>\n<meta property=\"og:image\" content=\"https:\/\/sebra.ag\/wp-content\/uploads\/2023\/03\/pesquisas-analises.png\" \/>\n<meta name=\"twitter:card\" content=\"summary_large_image\" \/>\n<meta name=\"twitter:label1\" content=\"Est. tempo de leitura\" \/>\n\t<meta name=\"twitter:data1\" content=\"9 minutos\" \/>\n<script type=\"application\/ld+json\" class=\"yoast-schema-graph\">{\"@context\":\"https:\/\/schema.org\",\"@graph\":[{\"@type\":\"WebPage\",\"@id\":\"https:\/\/sebra.ag\/research-analysis\/\",\"url\":\"https:\/\/sebra.ag\/research-analysis\/\",\"name\":\"- Sebra\",\"isPartOf\":{\"@id\":\"https:\/\/sebra.ag\/pb\/#website\"},\"primaryImageOfPage\":{\"@id\":\"https:\/\/sebra.ag\/research-analysis\/#primaryimage\"},\"image\":{\"@id\":\"https:\/\/sebra.ag\/research-analysis\/#primaryimage\"},\"thumbnailUrl\":\"https:\/\/sebra.ag\/wp-content\/uploads\/2023\/03\/pesquisas-analises.png\",\"datePublished\":\"2023-03-27T17:40:43+00:00\",\"dateModified\":\"2023-03-27T17:57:13+00:00\",\"inLanguage\":\"pt-BR\",\"potentialAction\":[{\"@type\":\"ReadAction\",\"target\":[\"https:\/\/sebra.ag\/research-analysis\/\"]}]},{\"@type\":\"ImageObject\",\"inLanguage\":\"pt-BR\",\"@id\":\"https:\/\/sebra.ag\/research-analysis\/#primaryimage\",\"url\":\"https:\/\/sebra.ag\/wp-content\/uploads\/2023\/03\/pesquisas-analises.png\",\"contentUrl\":\"https:\/\/sebra.ag\/wp-content\/uploads\/2023\/03\/pesquisas-analises.png\"},{\"@type\":\"WebSite\",\"@id\":\"https:\/\/sebra.ag\/pb\/#website\",\"url\":\"https:\/\/sebra.ag\/pb\/\",\"name\":\"Sebra\",\"description\":\"Your Sesame Partner\",\"publisher\":{\"@id\":\"https:\/\/sebra.ag\/pb\/#organization\"},\"potentialAction\":[{\"@type\":\"SearchAction\",\"target\":{\"@type\":\"EntryPoint\",\"urlTemplate\":\"https:\/\/sebra.ag\/pb\/?s={search_term_string}\"},\"query-input\":{\"@type\":\"PropertyValueSpecification\",\"valueRequired\":true,\"valueName\":\"search_term_string\"}}],\"inLanguage\":\"pt-BR\"},{\"@type\":\"Organization\",\"@id\":\"https:\/\/sebra.ag\/pb\/#organization\",\"name\":\"Sebra\",\"url\":\"https:\/\/sebra.ag\/pb\/\",\"logo\":{\"@type\":\"ImageObject\",\"inLanguage\":\"pt-BR\",\"@id\":\"https:\/\/sebra.ag\/pb\/#\/schema\/logo\/image\/\",\"url\":\"https:\/\/sebra.ag\/wp-content\/uploads\/2021\/04\/cropped-Logo_Footer_Sebra.png\",\"contentUrl\":\"https:\/\/sebra.ag\/wp-content\/uploads\/2021\/04\/cropped-Logo_Footer_Sebra.png\",\"width\":1080,\"height\":320,\"caption\":\"Sebra\"},\"image\":{\"@id\":\"https:\/\/sebra.ag\/pb\/#\/schema\/logo\/image\/\"}}]}<\/script>\n<!-- \/ Yoast SEO plugin. -->","yoast_head_json":{"title":"- Sebra","robots":{"index":"index","follow":"follow","max-snippet":"max-snippet:-1","max-image-preview":"max-image-preview:large","max-video-preview":"max-video-preview:-1"},"canonical":"https:\/\/sebra.ag\/research-analysis\/","og_locale":"pt_BR","og_type":"article","og_title":"- Sebra","og_description":"[vc_row][vc_column width=&#8221;1\/2&#8243;][vc_column_text][\/vc_column_text][\/vc_column][vc_column width=&#8221;1\/2&#8243;][\/vc_column][\/vc_row][vc_row][vc_column][vc_column_text]Apesar de ser cultivada h\u00e1 muito tempo no Brasil \u2013 em um cen\u00e1rio e condi\u00e7\u00e3o de grande cultura,&hellip;","og_url":"https:\/\/sebra.ag\/research-analysis\/","og_site_name":"Sebra","article_modified_time":"2023-03-27T17:57:13+00:00","og_image":[{"url":"https:\/\/sebra.ag\/wp-content\/uploads\/2023\/03\/pesquisas-analises.png"}],"twitter_card":"summary_large_image","twitter_misc":{"Est. tempo de leitura":"9 minutos"},"schema":{"@context":"https:\/\/schema.org","@graph":[{"@type":"WebPage","@id":"https:\/\/sebra.ag\/research-analysis\/","url":"https:\/\/sebra.ag\/research-analysis\/","name":"- Sebra","isPartOf":{"@id":"https:\/\/sebra.ag\/pb\/#website"},"primaryImageOfPage":{"@id":"https:\/\/sebra.ag\/research-analysis\/#primaryimage"},"image":{"@id":"https:\/\/sebra.ag\/research-analysis\/#primaryimage"},"thumbnailUrl":"https:\/\/sebra.ag\/wp-content\/uploads\/2023\/03\/pesquisas-analises.png","datePublished":"2023-03-27T17:40:43+00:00","dateModified":"2023-03-27T17:57:13+00:00","inLanguage":"pt-BR","potentialAction":[{"@type":"ReadAction","target":["https:\/\/sebra.ag\/research-analysis\/"]}]},{"@type":"ImageObject","inLanguage":"pt-BR","@id":"https:\/\/sebra.ag\/research-analysis\/#primaryimage","url":"https:\/\/sebra.ag\/wp-content\/uploads\/2023\/03\/pesquisas-analises.png","contentUrl":"https:\/\/sebra.ag\/wp-content\/uploads\/2023\/03\/pesquisas-analises.png"},{"@type":"WebSite","@id":"https:\/\/sebra.ag\/pb\/#website","url":"https:\/\/sebra.ag\/pb\/","name":"Sebra","description":"Your Sesame Partner","publisher":{"@id":"https:\/\/sebra.ag\/pb\/#organization"},"potentialAction":[{"@type":"SearchAction","target":{"@type":"EntryPoint","urlTemplate":"https:\/\/sebra.ag\/pb\/?s={search_term_string}"},"query-input":{"@type":"PropertyValueSpecification","valueRequired":true,"valueName":"search_term_string"}}],"inLanguage":"pt-BR"},{"@type":"Organization","@id":"https:\/\/sebra.ag\/pb\/#organization","name":"Sebra","url":"https:\/\/sebra.ag\/pb\/","logo":{"@type":"ImageObject","inLanguage":"pt-BR","@id":"https:\/\/sebra.ag\/pb\/#\/schema\/logo\/image\/","url":"https:\/\/sebra.ag\/wp-content\/uploads\/2021\/04\/cropped-Logo_Footer_Sebra.png","contentUrl":"https:\/\/sebra.ag\/wp-content\/uploads\/2021\/04\/cropped-Logo_Footer_Sebra.png","width":1080,"height":320,"caption":"Sebra"},"image":{"@id":"https:\/\/sebra.ag\/pb\/#\/schema\/logo\/image\/"}}]}},"_links":{"self":[{"href":"https:\/\/sebra.ag\/pb\/wp-json\/wp\/v2\/pages\/351","targetHints":{"allow":["GET"]}}],"collection":[{"href":"https:\/\/sebra.ag\/pb\/wp-json\/wp\/v2\/pages"}],"about":[{"href":"https:\/\/sebra.ag\/pb\/wp-json\/wp\/v2\/types\/page"}],"author":[{"embeddable":true,"href":"https:\/\/sebra.ag\/pb\/wp-json\/wp\/v2\/users\/1"}],"replies":[{"embeddable":true,"href":"https:\/\/sebra.ag\/pb\/wp-json\/wp\/v2\/comments?post=351"}],"version-history":[{"count":21,"href":"https:\/\/sebra.ag\/pb\/wp-json\/wp\/v2\/pages\/351\/revisions"}],"predecessor-version":[{"id":386,"href":"https:\/\/sebra.ag\/pb\/wp-json\/wp\/v2\/pages\/351\/revisions\/386"}],"wp:attachment":[{"href":"https:\/\/sebra.ag\/pb\/wp-json\/wp\/v2\/media?parent=351"}],"curies":[{"name":"wp","href":"https:\/\/api.w.org\/{rel}","templated":true}]}}