{"id":41,"date":"2021-04-13T02:33:51","date_gmt":"2021-04-12T23:33:51","guid":{"rendered":"https:\/\/sebra.ag\/?page_id=41"},"modified":"2021-07-14T00:03:53","modified_gmt":"2021-07-13T21:03:53","slug":"about-us","status":"publish","type":"page","link":"https:\/\/sebra.ag\/pb\/about-us\/","title":{"rendered":""},"content":{"rendered":"<p>[vc_row full_width=&#8221;stretch_row_content_no_spaces&#8221;][vc_column width=&#8221;1\/12&#8243;][\/vc_column][vc_column width=&#8221;5\/12&#8243;][vc_empty_space][vc_column_text]<img loading=\"lazy\" decoding=\"async\" class=\"aligncenter wp-image-251 size-full\" src=\"https:\/\/sebra.ag\/wp-content\/uploads\/2021\/04\/Nos-somos-a-sebra.png\" alt=\"\" width=\"1620\" height=\"154\" srcset=\"https:\/\/sebra.ag\/wp-content\/uploads\/2021\/04\/Nos-somos-a-sebra.png 1620w, https:\/\/sebra.ag\/wp-content\/uploads\/2021\/04\/Nos-somos-a-sebra-300x29.png 300w, https:\/\/sebra.ag\/wp-content\/uploads\/2021\/04\/Nos-somos-a-sebra-1024x97.png 1024w, https:\/\/sebra.ag\/wp-content\/uploads\/2021\/04\/Nos-somos-a-sebra-768x73.png 768w, https:\/\/sebra.ag\/wp-content\/uploads\/2021\/04\/Nos-somos-a-sebra-1536x146.png 1536w, https:\/\/sebra.ag\/wp-content\/uploads\/2021\/04\/Nos-somos-a-sebra-1600x152.png 1600w\" sizes=\"auto, (max-width: 1620px) 100vw, 1620px\" \/>[\/vc_column_text][\/vc_column][vc_column width=&#8221;1\/12&#8243;][\/vc_column][vc_column width=&#8221;5\/12&#8243;][\/vc_column][\/vc_row][vc_row full_width=&#8221;stretch_row_content_no_spaces&#8221;][vc_column width=&#8221;1\/12&#8243;][\/vc_column][vc_column width=&#8221;5\/12&#8243;][vc_column_text]A <strong>Sebra Agr\u00edcola SA<\/strong>, \u00e9 uma empresa especializada nas mais modernas e avan\u00e7adas tecnologias para otimiza\u00e7\u00e3o da cadeia de suprimentos de gergelim. Nossa equipe tem d\u00e9cadas de experi\u00eancia direta em v\u00e1rias \u00e1reas da cadeia de valor de produtos agr\u00edcolas. Apoiados em uma robusta estrutura operacional, <strong>nos dedicamos \u00e0 produ\u00e7\u00e3o, processamento e comercializa\u00e7\u00e3o de sementes naturais de gergelim no Brasil.<\/strong><\/p>\n<p>Apoiamos os produtores em todo o processo produtivo do gergelim, auxiliando-os nas melhores t\u00e9cnicas de cultivo, desde a semeadura at\u00e9 a colheita. Este engajamento na origina\u00e7\u00e3o nos permite desenvolver parceria de longo prazo com os agricultores e rastreabilidade das sementes processadas em nossas instala\u00e7\u00f5es. Com isso, garantimos a entrega de sementes de gergelim da mais alta qualidade, de acordo com os padr\u00f5es e especifica\u00e7\u00f5es internacionais, para clientes em todo o mundo.[\/vc_column_text][\/vc_column][vc_column width=&#8221;1\/12&#8243;][\/vc_column][vc_column width=&#8221;5\/12&#8243;][vc_column_text]<img loading=\"lazy\" decoding=\"async\" class=\"aligncenter size-full wp-image-165\" src=\"https:\/\/sebra.ag\/wp-content\/uploads\/2021\/04\/Imagem_AboutUs.jpg\" alt=\"\" width=\"1080\" height=\"810\" srcset=\"https:\/\/sebra.ag\/wp-content\/uploads\/2021\/04\/Imagem_AboutUs.jpg 1080w, https:\/\/sebra.ag\/wp-content\/uploads\/2021\/04\/Imagem_AboutUs-300x225.jpg 300w, https:\/\/sebra.ag\/wp-content\/uploads\/2021\/04\/Imagem_AboutUs-1024x768.jpg 1024w, https:\/\/sebra.ag\/wp-content\/uploads\/2021\/04\/Imagem_AboutUs-768x576.jpg 768w\" sizes=\"auto, (max-width: 1080px) 100vw, 1080px\" \/>[\/vc_column_text][\/vc_column][\/vc_row][vc_row full_width=&#8221;stretch_row_content_no_spaces&#8221;][vc_column width=&#8221;1\/12&#8243;][\/vc_column][vc_column width=&#8221;5\/12&#8243;][vc_column_text]Na Sebra, somos movidos por uma vis\u00e3o de longo prazo com foco em inova\u00e7\u00e3o, confiabilidade e parceria sustent\u00e1vel com produtores e clientes. Para oferecer servi\u00e7os e produtos diferenciados de ponta a ponta, contamos com um amplo apoio de parceiros de longa data de renomadas institui\u00e7\u00f5es de pesquisa e provedores de log\u00edstica de grande porte. A unidade produtiva da Sebra est\u00e1 instalada no principal p\u00f3lo de gergelim do Brasil, que conta com infraestrutura suportada por log\u00edstica ferrovi\u00e1ria e rodovi\u00e1ria.<\/p>\n<p>Nossos escrit\u00f3rios comerciais est\u00e3o localizados nos principais centros consumidores de gergelim, liderados por equipes de vendas pr\u00f3prias com amplo conhecimento em produtos agr\u00edcolas e culturalmente adaptadas \u00e0 regi\u00e3o para melhor atender os clientes.[\/vc_column_text][\/vc_column][vc_column width=&#8221;1\/12&#8243;][\/vc_column][vc_column width=&#8221;5\/12&#8243;][vc_column_text]<img loading=\"lazy\" decoding=\"async\" class=\"aligncenter size-full wp-image-170\" src=\"https:\/\/sebra.ag\/wp-content\/uploads\/2021\/04\/Imagem_AboutUs_sesame.jpg\" alt=\"\" width=\"1080\" height=\"810\" srcset=\"https:\/\/sebra.ag\/wp-content\/uploads\/2021\/04\/Imagem_AboutUs_sesame.jpg 1080w, https:\/\/sebra.ag\/wp-content\/uploads\/2021\/04\/Imagem_AboutUs_sesame-300x225.jpg 300w, https:\/\/sebra.ag\/wp-content\/uploads\/2021\/04\/Imagem_AboutUs_sesame-1024x768.jpg 1024w, https:\/\/sebra.ag\/wp-content\/uploads\/2021\/04\/Imagem_AboutUs_sesame-768x576.jpg 768w\" sizes=\"auto, (max-width: 1080px) 100vw, 1080px\" \/>[\/vc_column_text][\/vc_column][\/vc_row][vc_row full_width=&#8221;stretch_row_content_no_spaces&#8221;][vc_column width=&#8221;1\/12&#8243;][\/vc_column][vc_column width=&#8221;5\/12&#8243;][vc_column_text]Considerando a alta tecnologia existente no Brasil que confere efici\u00eancia na produ\u00e7\u00e3o em larga escala de agro-commodities, compet\u00eancia dos produtores rurais, recursos naturais e condi\u00e7\u00f5es clim\u00e1ticas favor\u00e1veis, acreditamos firmemente que o gergelim brasileiro alcan\u00e7ar\u00e1 posi\u00e7\u00f5es de lideran\u00e7a no maior ranking de produ\u00e7\u00e3o mundial em poucos anos. A Sebra est\u00e1 aqui para ajudar a construir essa hist\u00f3ria.[\/vc_column_text][\/vc_column][vc_column width=&#8221;1\/12&#8243;][\/vc_column][vc_column width=&#8221;5\/12&#8243;][vc_column_text]<img loading=\"lazy\" decoding=\"async\" class=\"aligncenter wp-image-253 size-full\" src=\"https:\/\/sebra.ag\/wp-content\/uploads\/2021\/04\/Imagem_AboutUs_trator.jpg\" alt=\"\" width=\"1080\" height=\"810\" srcset=\"https:\/\/sebra.ag\/wp-content\/uploads\/2021\/04\/Imagem_AboutUs_trator.jpg 1080w, https:\/\/sebra.ag\/wp-content\/uploads\/2021\/04\/Imagem_AboutUs_trator-300x225.jpg 300w, https:\/\/sebra.ag\/wp-content\/uploads\/2021\/04\/Imagem_AboutUs_trator-1024x768.jpg 1024w, https:\/\/sebra.ag\/wp-content\/uploads\/2021\/04\/Imagem_AboutUs_trator-768x576.jpg 768w\" sizes=\"auto, (max-width: 1080px) 100vw, 1080px\" \/>[\/vc_column_text][\/vc_column][\/vc_row][vc_row][vc_column width=&#8221;1\/4&#8243;][\/vc_column][vc_column width=&#8221;1\/2&#8243;][vc_empty_space][vc_column_text]<a href=\"https:\/\/sebra.ag\/contact-us\/\"><img loading=\"lazy\" decoding=\"async\" class=\"aligncenter size-full wp-image-273\" src=\"https:\/\/sebra.ag\/wp-content\/uploads\/2021\/04\/entre-em-contato-conosco.jpg\" alt=\"\" width=\"1924\" height=\"300\" srcset=\"https:\/\/sebra.ag\/wp-content\/uploads\/2021\/04\/entre-em-contato-conosco.jpg 1924w, https:\/\/sebra.ag\/wp-content\/uploads\/2021\/04\/entre-em-contato-conosco-300x47.jpg 300w, https:\/\/sebra.ag\/wp-content\/uploads\/2021\/04\/entre-em-contato-conosco-1024x160.jpg 1024w, https:\/\/sebra.ag\/wp-content\/uploads\/2021\/04\/entre-em-contato-conosco-768x120.jpg 768w, https:\/\/sebra.ag\/wp-content\/uploads\/2021\/04\/entre-em-contato-conosco-1536x240.jpg 1536w, https:\/\/sebra.ag\/wp-content\/uploads\/2021\/04\/entre-em-contato-conosco-1600x249.jpg 1600w\" sizes=\"auto, (max-width: 1924px) 100vw, 1924px\" \/><\/a>[\/vc_column_text][\/vc_column][vc_column width=&#8221;1\/4&#8243;][\/vc_column][\/vc_row]<\/p>","protected":false},"excerpt":{"rendered":"<p>[vc_row full_width=&#8221;stretch_row_content_no_spaces&#8221;][vc_column width=&#8221;1\/12&#8243;][\/vc_column][vc_column width=&#8221;5\/12&#8243;][vc_empty_space][vc_column_text][\/vc_column_text][\/vc_column][vc_column width=&#8221;1\/12&#8243;][\/vc_column][vc_column width=&#8221;5\/12&#8243;][\/vc_column][\/vc_row][vc_row full_width=&#8221;stretch_row_content_no_spaces&#8221;][vc_column width=&#8221;1\/12&#8243;][\/vc_column][vc_column width=&#8221;5\/12&#8243;][vc_column_text]A Sebra Agr\u00edcola SA, \u00e9 uma empresa especializada nas mais modernas e&hellip;<\/p>\n","protected":false},"author":1,"featured_media":87,"parent":0,"menu_order":0,"comment_status":"closed","ping_status":"closed","template":"","meta":{"footnotes":""},"class_list":["post-41","page","type-page","status-publish","has-post-thumbnail","hentry"],"yoast_head":"<!-- This site is optimized with the Yoast SEO plugin v23.9 - https:\/\/yoast.com\/wordpress\/plugins\/seo\/ -->\n<title>- Sebra<\/title>\n<meta name=\"robots\" content=\"index, follow, max-snippet:-1, max-image-preview:large, max-video-preview:-1\" \/>\n<link rel=\"canonical\" href=\"https:\/\/sebra.ag\/about-us\/\" \/>\n<meta property=\"og:locale\" content=\"pt_BR\" \/>\n<meta property=\"og:type\" content=\"article\" \/>\n<meta property=\"og:title\" content=\"- Sebra\" \/>\n<meta property=\"og:description\" content=\"[vc_row full_width=&#8221;stretch_row_content_no_spaces&#8221;][vc_column width=&#8221;1\/12&#8243;][\/vc_column][vc_column width=&#8221;5\/12&#8243;][vc_empty_space][vc_column_text][\/vc_column_text][\/vc_column][vc_column width=&#8221;1\/12&#8243;][\/vc_column][vc_column width=&#8221;5\/12&#8243;][\/vc_column][\/vc_row][vc_row full_width=&#8221;stretch_row_content_no_spaces&#8221;][vc_column width=&#8221;1\/12&#8243;][\/vc_column][vc_column width=&#8221;5\/12&#8243;][vc_column_text]A Sebra Agr\u00edcola SA, \u00e9 uma empresa especializada nas mais modernas e&hellip;\" \/>\n<meta property=\"og:url\" content=\"https:\/\/sebra.ag\/about-us\/\" \/>\n<meta property=\"og:site_name\" content=\"Sebra\" \/>\n<meta property=\"article:modified_time\" content=\"2021-07-13T21:03:53+00:00\" \/>\n<meta property=\"og:image\" content=\"https:\/\/sebra.ag\/wp-content\/uploads\/2021\/04\/FullBanner_AboutUs_Sesame.jpg\" \/>\n\t<meta property=\"og:image:width\" content=\"1920\" \/>\n\t<meta property=\"og:image:height\" content=\"1040\" \/>\n\t<meta property=\"og:image:type\" content=\"image\/jpeg\" \/>\n<meta name=\"twitter:card\" content=\"summary_large_image\" \/>\n<meta name=\"twitter:label1\" content=\"Est. tempo de leitura\" \/>\n\t<meta name=\"twitter:data1\" content=\"5 minutos\" \/>\n<script type=\"application\/ld+json\" class=\"yoast-schema-graph\">{\"@context\":\"https:\/\/schema.org\",\"@graph\":[{\"@type\":\"WebPage\",\"@id\":\"https:\/\/sebra.ag\/about-us\/\",\"url\":\"https:\/\/sebra.ag\/about-us\/\",\"name\":\"- Sebra\",\"isPartOf\":{\"@id\":\"https:\/\/sebra.ag\/pb\/#website\"},\"primaryImageOfPage\":{\"@id\":\"https:\/\/sebra.ag\/about-us\/#primaryimage\"},\"image\":{\"@id\":\"https:\/\/sebra.ag\/about-us\/#primaryimage\"},\"thumbnailUrl\":\"https:\/\/sebra.ag\/wp-content\/uploads\/2021\/04\/FullBanner_AboutUs_Sesame.jpg\",\"datePublished\":\"2021-04-12T23:33:51+00:00\",\"dateModified\":\"2021-07-13T21:03:53+00:00\",\"inLanguage\":\"pt-BR\",\"potentialAction\":[{\"@type\":\"ReadAction\",\"target\":[\"https:\/\/sebra.ag\/about-us\/\"]}]},{\"@type\":\"ImageObject\",\"inLanguage\":\"pt-BR\",\"@id\":\"https:\/\/sebra.ag\/about-us\/#primaryimage\",\"url\":\"https:\/\/sebra.ag\/wp-content\/uploads\/2021\/04\/FullBanner_AboutUs_Sesame.jpg\",\"contentUrl\":\"https:\/\/sebra.ag\/wp-content\/uploads\/2021\/04\/FullBanner_AboutUs_Sesame.jpg\",\"width\":1920,\"height\":1040},{\"@type\":\"WebSite\",\"@id\":\"https:\/\/sebra.ag\/pb\/#website\",\"url\":\"https:\/\/sebra.ag\/pb\/\",\"name\":\"Sebra\",\"description\":\"Your Sesame Partner\",\"publisher\":{\"@id\":\"https:\/\/sebra.ag\/pb\/#organization\"},\"potentialAction\":[{\"@type\":\"SearchAction\",\"target\":{\"@type\":\"EntryPoint\",\"urlTemplate\":\"https:\/\/sebra.ag\/pb\/?s={search_term_string}\"},\"query-input\":{\"@type\":\"PropertyValueSpecification\",\"valueRequired\":true,\"valueName\":\"search_term_string\"}}],\"inLanguage\":\"pt-BR\"},{\"@type\":\"Organization\",\"@id\":\"https:\/\/sebra.ag\/pb\/#organization\",\"name\":\"Sebra\",\"url\":\"https:\/\/sebra.ag\/pb\/\",\"logo\":{\"@type\":\"ImageObject\",\"inLanguage\":\"pt-BR\",\"@id\":\"https:\/\/sebra.ag\/pb\/#\/schema\/logo\/image\/\",\"url\":\"https:\/\/sebra.ag\/wp-content\/uploads\/2021\/04\/cropped-Logo_Footer_Sebra.png\",\"contentUrl\":\"https:\/\/sebra.ag\/wp-content\/uploads\/2021\/04\/cropped-Logo_Footer_Sebra.png\",\"width\":1080,\"height\":320,\"caption\":\"Sebra\"},\"image\":{\"@id\":\"https:\/\/sebra.ag\/pb\/#\/schema\/logo\/image\/\"}}]}<\/script>\n<!-- \/ Yoast SEO plugin. -->","yoast_head_json":{"title":"- Sebra","robots":{"index":"index","follow":"follow","max-snippet":"max-snippet:-1","max-image-preview":"max-image-preview:large","max-video-preview":"max-video-preview:-1"},"canonical":"https:\/\/sebra.ag\/about-us\/","og_locale":"pt_BR","og_type":"article","og_title":"- Sebra","og_description":"[vc_row full_width=&#8221;stretch_row_content_no_spaces&#8221;][vc_column width=&#8221;1\/12&#8243;][\/vc_column][vc_column width=&#8221;5\/12&#8243;][vc_empty_space][vc_column_text][\/vc_column_text][\/vc_column][vc_column width=&#8221;1\/12&#8243;][\/vc_column][vc_column width=&#8221;5\/12&#8243;][\/vc_column][\/vc_row][vc_row full_width=&#8221;stretch_row_content_no_spaces&#8221;][vc_column width=&#8221;1\/12&#8243;][\/vc_column][vc_column width=&#8221;5\/12&#8243;][vc_column_text]A Sebra Agr\u00edcola SA, \u00e9 uma empresa especializada nas mais modernas e&hellip;","og_url":"https:\/\/sebra.ag\/about-us\/","og_site_name":"Sebra","article_modified_time":"2021-07-13T21:03:53+00:00","og_image":[{"width":1920,"height":1040,"url":"https:\/\/sebra.ag\/wp-content\/uploads\/2021\/04\/FullBanner_AboutUs_Sesame.jpg","type":"image\/jpeg"}],"twitter_card":"summary_large_image","twitter_misc":{"Est. tempo de leitura":"5 minutos"},"schema":{"@context":"https:\/\/schema.org","@graph":[{"@type":"WebPage","@id":"https:\/\/sebra.ag\/about-us\/","url":"https:\/\/sebra.ag\/about-us\/","name":"- Sebra","isPartOf":{"@id":"https:\/\/sebra.ag\/pb\/#website"},"primaryImageOfPage":{"@id":"https:\/\/sebra.ag\/about-us\/#primaryimage"},"image":{"@id":"https:\/\/sebra.ag\/about-us\/#primaryimage"},"thumbnailUrl":"https:\/\/sebra.ag\/wp-content\/uploads\/2021\/04\/FullBanner_AboutUs_Sesame.jpg","datePublished":"2021-04-12T23:33:51+00:00","dateModified":"2021-07-13T21:03:53+00:00","inLanguage":"pt-BR","potentialAction":[{"@type":"ReadAction","target":["https:\/\/sebra.ag\/about-us\/"]}]},{"@type":"ImageObject","inLanguage":"pt-BR","@id":"https:\/\/sebra.ag\/about-us\/#primaryimage","url":"https:\/\/sebra.ag\/wp-content\/uploads\/2021\/04\/FullBanner_AboutUs_Sesame.jpg","contentUrl":"https:\/\/sebra.ag\/wp-content\/uploads\/2021\/04\/FullBanner_AboutUs_Sesame.jpg","width":1920,"height":1040},{"@type":"WebSite","@id":"https:\/\/sebra.ag\/pb\/#website","url":"https:\/\/sebra.ag\/pb\/","name":"Sebra","description":"Your Sesame Partner","publisher":{"@id":"https:\/\/sebra.ag\/pb\/#organization"},"potentialAction":[{"@type":"SearchAction","target":{"@type":"EntryPoint","urlTemplate":"https:\/\/sebra.ag\/pb\/?s={search_term_string}"},"query-input":{"@type":"PropertyValueSpecification","valueRequired":true,"valueName":"search_term_string"}}],"inLanguage":"pt-BR"},{"@type":"Organization","@id":"https:\/\/sebra.ag\/pb\/#organization","name":"Sebra","url":"https:\/\/sebra.ag\/pb\/","logo":{"@type":"ImageObject","inLanguage":"pt-BR","@id":"https:\/\/sebra.ag\/pb\/#\/schema\/logo\/image\/","url":"https:\/\/sebra.ag\/wp-content\/uploads\/2021\/04\/cropped-Logo_Footer_Sebra.png","contentUrl":"https:\/\/sebra.ag\/wp-content\/uploads\/2021\/04\/cropped-Logo_Footer_Sebra.png","width":1080,"height":320,"caption":"Sebra"},"image":{"@id":"https:\/\/sebra.ag\/pb\/#\/schema\/logo\/image\/"}}]}},"_links":{"self":[{"href":"https:\/\/sebra.ag\/pb\/wp-json\/wp\/v2\/pages\/41","targetHints":{"allow":["GET"]}}],"collection":[{"href":"https:\/\/sebra.ag\/pb\/wp-json\/wp\/v2\/pages"}],"about":[{"href":"https:\/\/sebra.ag\/pb\/wp-json\/wp\/v2\/types\/page"}],"author":[{"embeddable":true,"href":"https:\/\/sebra.ag\/pb\/wp-json\/wp\/v2\/users\/1"}],"replies":[{"embeddable":true,"href":"https:\/\/sebra.ag\/pb\/wp-json\/wp\/v2\/comments?post=41"}],"version-history":[{"count":20,"href":"https:\/\/sebra.ag\/pb\/wp-json\/wp\/v2\/pages\/41\/revisions"}],"predecessor-version":[{"id":328,"href":"https:\/\/sebra.ag\/pb\/wp-json\/wp\/v2\/pages\/41\/revisions\/328"}],"wp:featuredmedia":[{"embeddable":true,"href":"https:\/\/sebra.ag\/pb\/wp-json\/wp\/v2\/media\/87"}],"wp:attachment":[{"href":"https:\/\/sebra.ag\/pb\/wp-json\/wp\/v2\/media?parent=41"}],"curies":[{"name":"wp","href":"https:\/\/api.w.org\/{rel}","templated":true}]}}