{"id":43,"date":"2021-04-13T02:34:44","date_gmt":"2021-04-12T23:34:44","guid":{"rendered":"https:\/\/sebra.ag\/?page_id=43"},"modified":"2021-07-14T00:07:18","modified_gmt":"2021-07-13T21:07:18","slug":"about-sesame","status":"publish","type":"page","link":"https:\/\/sebra.ag\/pb\/about-sesame\/","title":{"rendered":""},"content":{"rendered":"<p>[vc_row][vc_column width=&#8221;1\/2&#8243;][vc_column_text]<img loading=\"lazy\" decoding=\"async\" class=\"aligncenter wp-image-256 size-full\" src=\"https:\/\/sebra.ag\/wp-content\/uploads\/2021\/04\/Sobre-o-gergelim.png\" alt=\"\" width=\"1620\" height=\"154\" srcset=\"https:\/\/sebra.ag\/wp-content\/uploads\/2021\/04\/Sobre-o-gergelim.png 1620w, https:\/\/sebra.ag\/wp-content\/uploads\/2021\/04\/Sobre-o-gergelim-300x29.png 300w, https:\/\/sebra.ag\/wp-content\/uploads\/2021\/04\/Sobre-o-gergelim-1024x97.png 1024w, https:\/\/sebra.ag\/wp-content\/uploads\/2021\/04\/Sobre-o-gergelim-768x73.png 768w, https:\/\/sebra.ag\/wp-content\/uploads\/2021\/04\/Sobre-o-gergelim-1536x146.png 1536w, https:\/\/sebra.ag\/wp-content\/uploads\/2021\/04\/Sobre-o-gergelim-1600x152.png 1600w\" sizes=\"auto, (max-width: 1620px) 100vw, 1620px\" \/>[\/vc_column_text][\/vc_column][vc_column width=&#8221;1\/2&#8243;][\/vc_column][\/vc_row][vc_row][vc_column][vc_column_text]A semente de <strong>gergelim<\/strong> <em>(sesamum indicum)<\/em> \u00e9 uma das mais antigas oleaginosas cultivadas pelo homem. Origin\u00e1ria dos continentes africano e asi\u00e1tico, tem se espalhado pelo mundo devido ao seu <strong>grande valor nutricional e sua resili\u00eancia a climas mais secos.<\/strong><\/p>\n<p>Conhecido como <strong>super-alimento<\/strong>, o <strong>gergelim<\/strong> \u00e9 riqu\u00edssimo em sais minerais como cobre, mangan\u00eas, magn\u00e9sio, c\u00e1lcio, f\u00f3sforo, zinco, molibd\u00eanio e sel\u00eanio. A semente de gergelim \u00e9 extremamente ben\u00e9fica para a redu\u00e7\u00e3o do colesterol, uma vez que fornece nutrientes naturais que ajudam a prevenir a hipertens\u00e3o e causam aumento da vitamina E no organismo humano. Al\u00e9m disso, as dietas \u00e0 base de gergelim podem diminuir a dor associada a doen\u00e7as como artrite reumat\u00f3ide, osteoporose vascular e respirat\u00f3ria, enxaqueca e s\u00edndrome pr\u00e9-menstrual.[\/vc_column_text][\/vc_column][\/vc_row][vc_row full_width=&#8221;stretch_row_content_no_spaces&#8221;][vc_column][vc_column_text]<\/p>\n<div id='gallery-1' class='gallery galleryid-43 gallery-columns-1 gallery-size-primer-hero'><figure class='gallery-item'>\n\t\t\t<div class='gallery-icon landscape'>\n\t\t\t\t<img loading=\"lazy\" decoding=\"async\" width=\"1920\" height=\"1106\" src=\"https:\/\/sebra.ag\/wp-content\/uploads\/2021\/04\/Sesame_fullimage.jpg\" class=\"attachment-primer-hero size-primer-hero\" alt=\"\" srcset=\"https:\/\/sebra.ag\/wp-content\/uploads\/2021\/04\/Sesame_fullimage.jpg 1920w, https:\/\/sebra.ag\/wp-content\/uploads\/2021\/04\/Sesame_fullimage-300x173.jpg 300w, https:\/\/sebra.ag\/wp-content\/uploads\/2021\/04\/Sesame_fullimage-1024x590.jpg 1024w, https:\/\/sebra.ag\/wp-content\/uploads\/2021\/04\/Sesame_fullimage-768x442.jpg 768w, https:\/\/sebra.ag\/wp-content\/uploads\/2021\/04\/Sesame_fullimage-1536x885.jpg 1536w, https:\/\/sebra.ag\/wp-content\/uploads\/2021\/04\/Sesame_fullimage-1600x922.jpg 1600w\" sizes=\"auto, (max-width: 1920px) 100vw, 1920px\" \/>\n\t\t\t<\/div><\/figure>\n\t\t<\/div>\n\n<p>[\/vc_column_text][\/vc_column][\/vc_row][vc_row][vc_column][vc_empty_space height=&#8221;50px&#8221;][vc_column_text]Para os processos de fabrica\u00e7\u00e3o, as principais aplica\u00e7\u00f5es das sementes de gergelim n\u00e3o descascadas s\u00e3o o descasque, a extra\u00e7\u00e3o de \u00f3leo e o tahine (pasta de gergelim). Esses produtos s\u00e3o transformados em ingredientes b\u00e1sicos amplamente utilizados na culin\u00e1ria para preparar pratos doces e salgados. A semente inteira \u00e9 usada extensivamente nas cozinhas do Oriente M\u00e9dio e da \u00c1sia. Na Europa e na Am\u00e9rica do Norte, as sementes s\u00e3o usadas para dar sabor e enfeitar alimentos, principalmente p\u00e3es e assados.[\/vc_column_text][vc_empty_space height=&#8221;50px&#8221;][\/vc_column][\/vc_row][vc_row full_width=&#8221;stretch_row_content_no_spaces&#8221;][vc_column width=&#8221;1\/4&#8243;][vc_column_text]<img loading=\"lazy\" decoding=\"async\" class=\"aligncenter size-full wp-image-259\" src=\"https:\/\/sebra.ag\/wp-content\/uploads\/2021\/04\/ProdutosGergelim1.jpg\" alt=\"\" width=\"1080\" height=\"1080\" srcset=\"https:\/\/sebra.ag\/wp-content\/uploads\/2021\/04\/ProdutosGergelim1.jpg 1080w, https:\/\/sebra.ag\/wp-content\/uploads\/2021\/04\/ProdutosGergelim1-300x300.jpg 300w, https:\/\/sebra.ag\/wp-content\/uploads\/2021\/04\/ProdutosGergelim1-1024x1024.jpg 1024w, https:\/\/sebra.ag\/wp-content\/uploads\/2021\/04\/ProdutosGergelim1-150x150.jpg 150w, https:\/\/sebra.ag\/wp-content\/uploads\/2021\/04\/ProdutosGergelim1-768x768.jpg 768w\" sizes=\"auto, (max-width: 1080px) 100vw, 1080px\" \/>[\/vc_column_text][\/vc_column][vc_column width=&#8221;1\/4&#8243;][vc_column_text]<img loading=\"lazy\" decoding=\"async\" class=\"aligncenter wp-image-260 size-full\" src=\"https:\/\/sebra.ag\/wp-content\/uploads\/2021\/04\/ProdutosGergelim2.jpg\" alt=\"\" width=\"1080\" height=\"1080\" srcset=\"https:\/\/sebra.ag\/wp-content\/uploads\/2021\/04\/ProdutosGergelim2.jpg 1080w, https:\/\/sebra.ag\/wp-content\/uploads\/2021\/04\/ProdutosGergelim2-300x300.jpg 300w, https:\/\/sebra.ag\/wp-content\/uploads\/2021\/04\/ProdutosGergelim2-1024x1024.jpg 1024w, https:\/\/sebra.ag\/wp-content\/uploads\/2021\/04\/ProdutosGergelim2-150x150.jpg 150w, https:\/\/sebra.ag\/wp-content\/uploads\/2021\/04\/ProdutosGergelim2-768x768.jpg 768w\" sizes=\"auto, (max-width: 1080px) 100vw, 1080px\" \/>[\/vc_column_text][\/vc_column][vc_column width=&#8221;1\/4&#8243;][vc_column_text]<img loading=\"lazy\" decoding=\"async\" class=\"aligncenter wp-image-261 size-full\" src=\"https:\/\/sebra.ag\/wp-content\/uploads\/2021\/04\/ProdutosGergelim3.jpg\" alt=\"\" width=\"1080\" height=\"1080\" srcset=\"https:\/\/sebra.ag\/wp-content\/uploads\/2021\/04\/ProdutosGergelim3.jpg 1080w, https:\/\/sebra.ag\/wp-content\/uploads\/2021\/04\/ProdutosGergelim3-300x300.jpg 300w, https:\/\/sebra.ag\/wp-content\/uploads\/2021\/04\/ProdutosGergelim3-1024x1024.jpg 1024w, https:\/\/sebra.ag\/wp-content\/uploads\/2021\/04\/ProdutosGergelim3-150x150.jpg 150w, https:\/\/sebra.ag\/wp-content\/uploads\/2021\/04\/ProdutosGergelim3-768x768.jpg 768w\" sizes=\"auto, (max-width: 1080px) 100vw, 1080px\" \/>[\/vc_column_text][\/vc_column][vc_column width=&#8221;1\/4&#8243;][vc_column_text]<img loading=\"lazy\" decoding=\"async\" class=\"aligncenter wp-image-258 size-full\" src=\"https:\/\/sebra.ag\/wp-content\/uploads\/2021\/04\/ProdutosGergelim4.jpg\" alt=\"\" width=\"1080\" height=\"1080\" srcset=\"https:\/\/sebra.ag\/wp-content\/uploads\/2021\/04\/ProdutosGergelim4.jpg 1080w, https:\/\/sebra.ag\/wp-content\/uploads\/2021\/04\/ProdutosGergelim4-300x300.jpg 300w, https:\/\/sebra.ag\/wp-content\/uploads\/2021\/04\/ProdutosGergelim4-1024x1024.jpg 1024w, https:\/\/sebra.ag\/wp-content\/uploads\/2021\/04\/ProdutosGergelim4-150x150.jpg 150w, https:\/\/sebra.ag\/wp-content\/uploads\/2021\/04\/ProdutosGergelim4-768x768.jpg 768w\" sizes=\"auto, (max-width: 1080px) 100vw, 1080px\" \/>[\/vc_column_text][\/vc_column][\/vc_row][vc_row][vc_column width=&#8221;1\/4&#8243;][\/vc_column][vc_column width=&#8221;1\/2&#8243;][vc_empty_space height=&#8221;50px&#8221;][vc_column_text]<a href=\"https:\/\/sebra.ag\/contact-us\/\"><img loading=\"lazy\" decoding=\"async\" class=\"aligncenter wp-image-273 size-full\" src=\"https:\/\/sebra.ag\/wp-content\/uploads\/2021\/04\/entre-em-contato-conosco.jpg\" alt=\"\" width=\"1924\" height=\"300\" srcset=\"https:\/\/sebra.ag\/wp-content\/uploads\/2021\/04\/entre-em-contato-conosco.jpg 1924w, https:\/\/sebra.ag\/wp-content\/uploads\/2021\/04\/entre-em-contato-conosco-300x47.jpg 300w, https:\/\/sebra.ag\/wp-content\/uploads\/2021\/04\/entre-em-contato-conosco-1024x160.jpg 1024w, https:\/\/sebra.ag\/wp-content\/uploads\/2021\/04\/entre-em-contato-conosco-768x120.jpg 768w, https:\/\/sebra.ag\/wp-content\/uploads\/2021\/04\/entre-em-contato-conosco-1536x240.jpg 1536w, https:\/\/sebra.ag\/wp-content\/uploads\/2021\/04\/entre-em-contato-conosco-1600x249.jpg 1600w\" sizes=\"auto, (max-width: 1924px) 100vw, 1924px\" \/><\/a>[\/vc_column_text][\/vc_column][vc_column width=&#8221;1\/4&#8243;][\/vc_column][\/vc_row]<\/p>","protected":false},"excerpt":{"rendered":"<p>[vc_row][vc_column width=&#8221;1\/2&#8243;][vc_column_text][\/vc_column_text][\/vc_column][vc_column width=&#8221;1\/2&#8243;][\/vc_column][\/vc_row][vc_row][vc_column][vc_column_text]A semente de gergelim (sesamum indicum) \u00e9 uma das mais antigas oleaginosas cultivadas pelo homem. Origin\u00e1ria dos continentes&hellip;<\/p>\n","protected":false},"author":1,"featured_media":89,"parent":0,"menu_order":0,"comment_status":"closed","ping_status":"closed","template":"","meta":{"footnotes":""},"class_list":["post-43","page","type-page","status-publish","has-post-thumbnail","hentry"],"yoast_head":"<!-- This site is optimized with the Yoast SEO plugin v23.9 - https:\/\/yoast.com\/wordpress\/plugins\/seo\/ -->\n<title>- Sebra<\/title>\n<meta name=\"robots\" content=\"index, follow, max-snippet:-1, max-image-preview:large, max-video-preview:-1\" \/>\n<link rel=\"canonical\" href=\"https:\/\/sebra.ag\/about-sesame\/\" \/>\n<meta property=\"og:locale\" content=\"pt_BR\" \/>\n<meta property=\"og:type\" content=\"article\" \/>\n<meta property=\"og:title\" content=\"- Sebra\" \/>\n<meta property=\"og:description\" content=\"[vc_row][vc_column width=&#8221;1\/2&#8243;][vc_column_text][\/vc_column_text][\/vc_column][vc_column width=&#8221;1\/2&#8243;][\/vc_column][\/vc_row][vc_row][vc_column][vc_column_text]A semente de gergelim (sesamum indicum) \u00e9 uma das mais antigas oleaginosas cultivadas pelo homem. Origin\u00e1ria dos continentes&hellip;\" \/>\n<meta property=\"og:url\" content=\"https:\/\/sebra.ag\/about-sesame\/\" \/>\n<meta property=\"og:site_name\" content=\"Sebra\" \/>\n<meta property=\"article:modified_time\" content=\"2021-07-13T21:07:18+00:00\" \/>\n<meta property=\"og:image\" content=\"https:\/\/sebra.ag\/wp-content\/uploads\/2021\/04\/FullBanner_AboutSesame.jpg\" \/>\n\t<meta property=\"og:image:width\" content=\"1920\" \/>\n\t<meta property=\"og:image:height\" content=\"1040\" \/>\n\t<meta property=\"og:image:type\" content=\"image\/jpeg\" \/>\n<meta name=\"twitter:card\" content=\"summary_large_image\" \/>\n<meta name=\"twitter:label1\" content=\"Est. tempo de leitura\" \/>\n\t<meta name=\"twitter:data1\" content=\"4 minutos\" \/>\n<script type=\"application\/ld+json\" class=\"yoast-schema-graph\">{\"@context\":\"https:\/\/schema.org\",\"@graph\":[{\"@type\":\"WebPage\",\"@id\":\"https:\/\/sebra.ag\/about-sesame\/\",\"url\":\"https:\/\/sebra.ag\/about-sesame\/\",\"name\":\"- Sebra\",\"isPartOf\":{\"@id\":\"https:\/\/sebra.ag\/pb\/#website\"},\"primaryImageOfPage\":{\"@id\":\"https:\/\/sebra.ag\/about-sesame\/#primaryimage\"},\"image\":{\"@id\":\"https:\/\/sebra.ag\/about-sesame\/#primaryimage\"},\"thumbnailUrl\":\"https:\/\/sebra.ag\/wp-content\/uploads\/2021\/04\/FullBanner_AboutSesame.jpg\",\"datePublished\":\"2021-04-12T23:34:44+00:00\",\"dateModified\":\"2021-07-13T21:07:18+00:00\",\"inLanguage\":\"pt-BR\",\"potentialAction\":[{\"@type\":\"ReadAction\",\"target\":[\"https:\/\/sebra.ag\/about-sesame\/\"]}]},{\"@type\":\"ImageObject\",\"inLanguage\":\"pt-BR\",\"@id\":\"https:\/\/sebra.ag\/about-sesame\/#primaryimage\",\"url\":\"https:\/\/sebra.ag\/wp-content\/uploads\/2021\/04\/FullBanner_AboutSesame.jpg\",\"contentUrl\":\"https:\/\/sebra.ag\/wp-content\/uploads\/2021\/04\/FullBanner_AboutSesame.jpg\",\"width\":1920,\"height\":1040},{\"@type\":\"WebSite\",\"@id\":\"https:\/\/sebra.ag\/pb\/#website\",\"url\":\"https:\/\/sebra.ag\/pb\/\",\"name\":\"Sebra\",\"description\":\"Your Sesame Partner\",\"publisher\":{\"@id\":\"https:\/\/sebra.ag\/pb\/#organization\"},\"potentialAction\":[{\"@type\":\"SearchAction\",\"target\":{\"@type\":\"EntryPoint\",\"urlTemplate\":\"https:\/\/sebra.ag\/pb\/?s={search_term_string}\"},\"query-input\":{\"@type\":\"PropertyValueSpecification\",\"valueRequired\":true,\"valueName\":\"search_term_string\"}}],\"inLanguage\":\"pt-BR\"},{\"@type\":\"Organization\",\"@id\":\"https:\/\/sebra.ag\/pb\/#organization\",\"name\":\"Sebra\",\"url\":\"https:\/\/sebra.ag\/pb\/\",\"logo\":{\"@type\":\"ImageObject\",\"inLanguage\":\"pt-BR\",\"@id\":\"https:\/\/sebra.ag\/pb\/#\/schema\/logo\/image\/\",\"url\":\"https:\/\/sebra.ag\/wp-content\/uploads\/2021\/04\/cropped-Logo_Footer_Sebra.png\",\"contentUrl\":\"https:\/\/sebra.ag\/wp-content\/uploads\/2021\/04\/cropped-Logo_Footer_Sebra.png\",\"width\":1080,\"height\":320,\"caption\":\"Sebra\"},\"image\":{\"@id\":\"https:\/\/sebra.ag\/pb\/#\/schema\/logo\/image\/\"}}]}<\/script>\n<!-- \/ Yoast SEO plugin. -->","yoast_head_json":{"title":"- Sebra","robots":{"index":"index","follow":"follow","max-snippet":"max-snippet:-1","max-image-preview":"max-image-preview:large","max-video-preview":"max-video-preview:-1"},"canonical":"https:\/\/sebra.ag\/about-sesame\/","og_locale":"pt_BR","og_type":"article","og_title":"- Sebra","og_description":"[vc_row][vc_column width=&#8221;1\/2&#8243;][vc_column_text][\/vc_column_text][\/vc_column][vc_column width=&#8221;1\/2&#8243;][\/vc_column][\/vc_row][vc_row][vc_column][vc_column_text]A semente de gergelim (sesamum indicum) \u00e9 uma das mais antigas oleaginosas cultivadas pelo homem. Origin\u00e1ria dos continentes&hellip;","og_url":"https:\/\/sebra.ag\/about-sesame\/","og_site_name":"Sebra","article_modified_time":"2021-07-13T21:07:18+00:00","og_image":[{"width":1920,"height":1040,"url":"https:\/\/sebra.ag\/wp-content\/uploads\/2021\/04\/FullBanner_AboutSesame.jpg","type":"image\/jpeg"}],"twitter_card":"summary_large_image","twitter_misc":{"Est. tempo de leitura":"4 minutos"},"schema":{"@context":"https:\/\/schema.org","@graph":[{"@type":"WebPage","@id":"https:\/\/sebra.ag\/about-sesame\/","url":"https:\/\/sebra.ag\/about-sesame\/","name":"- Sebra","isPartOf":{"@id":"https:\/\/sebra.ag\/pb\/#website"},"primaryImageOfPage":{"@id":"https:\/\/sebra.ag\/about-sesame\/#primaryimage"},"image":{"@id":"https:\/\/sebra.ag\/about-sesame\/#primaryimage"},"thumbnailUrl":"https:\/\/sebra.ag\/wp-content\/uploads\/2021\/04\/FullBanner_AboutSesame.jpg","datePublished":"2021-04-12T23:34:44+00:00","dateModified":"2021-07-13T21:07:18+00:00","inLanguage":"pt-BR","potentialAction":[{"@type":"ReadAction","target":["https:\/\/sebra.ag\/about-sesame\/"]}]},{"@type":"ImageObject","inLanguage":"pt-BR","@id":"https:\/\/sebra.ag\/about-sesame\/#primaryimage","url":"https:\/\/sebra.ag\/wp-content\/uploads\/2021\/04\/FullBanner_AboutSesame.jpg","contentUrl":"https:\/\/sebra.ag\/wp-content\/uploads\/2021\/04\/FullBanner_AboutSesame.jpg","width":1920,"height":1040},{"@type":"WebSite","@id":"https:\/\/sebra.ag\/pb\/#website","url":"https:\/\/sebra.ag\/pb\/","name":"Sebra","description":"Your Sesame Partner","publisher":{"@id":"https:\/\/sebra.ag\/pb\/#organization"},"potentialAction":[{"@type":"SearchAction","target":{"@type":"EntryPoint","urlTemplate":"https:\/\/sebra.ag\/pb\/?s={search_term_string}"},"query-input":{"@type":"PropertyValueSpecification","valueRequired":true,"valueName":"search_term_string"}}],"inLanguage":"pt-BR"},{"@type":"Organization","@id":"https:\/\/sebra.ag\/pb\/#organization","name":"Sebra","url":"https:\/\/sebra.ag\/pb\/","logo":{"@type":"ImageObject","inLanguage":"pt-BR","@id":"https:\/\/sebra.ag\/pb\/#\/schema\/logo\/image\/","url":"https:\/\/sebra.ag\/wp-content\/uploads\/2021\/04\/cropped-Logo_Footer_Sebra.png","contentUrl":"https:\/\/sebra.ag\/wp-content\/uploads\/2021\/04\/cropped-Logo_Footer_Sebra.png","width":1080,"height":320,"caption":"Sebra"},"image":{"@id":"https:\/\/sebra.ag\/pb\/#\/schema\/logo\/image\/"}}]}},"_links":{"self":[{"href":"https:\/\/sebra.ag\/pb\/wp-json\/wp\/v2\/pages\/43","targetHints":{"allow":["GET"]}}],"collection":[{"href":"https:\/\/sebra.ag\/pb\/wp-json\/wp\/v2\/pages"}],"about":[{"href":"https:\/\/sebra.ag\/pb\/wp-json\/wp\/v2\/types\/page"}],"author":[{"embeddable":true,"href":"https:\/\/sebra.ag\/pb\/wp-json\/wp\/v2\/users\/1"}],"replies":[{"embeddable":true,"href":"https:\/\/sebra.ag\/pb\/wp-json\/wp\/v2\/comments?post=43"}],"version-history":[{"count":15,"href":"https:\/\/sebra.ag\/pb\/wp-json\/wp\/v2\/pages\/43\/revisions"}],"predecessor-version":[{"id":329,"href":"https:\/\/sebra.ag\/pb\/wp-json\/wp\/v2\/pages\/43\/revisions\/329"}],"wp:featuredmedia":[{"embeddable":true,"href":"https:\/\/sebra.ag\/pb\/wp-json\/wp\/v2\/media\/89"}],"wp:attachment":[{"href":"https:\/\/sebra.ag\/pb\/wp-json\/wp\/v2\/media?parent=43"}],"curies":[{"name":"wp","href":"https:\/\/api.w.org\/{rel}","templated":true}]}}