{"id":48,"date":"2021-04-13T02:36:14","date_gmt":"2021-04-12T23:36:14","guid":{"rendered":"https:\/\/sebra.ag\/?page_id=48"},"modified":"2021-07-14T00:13:25","modified_gmt":"2021-07-13T21:13:25","slug":"for-growers","status":"publish","type":"page","link":"https:\/\/sebra.ag\/pb\/for-growers\/","title":{"rendered":""},"content":{"rendered":"<p>[vc_row full_width=&#8221;stretch_row_content_no_spaces&#8221;][vc_column width=&#8221;1\/12&#8243;][\/vc_column][vc_column width=&#8221;5\/12&#8243;][vc_empty_space][vc_column_text]<img loading=\"lazy\" decoding=\"async\" class=\"aligncenter wp-image-267 size-full\" src=\"https:\/\/sebra.ag\/wp-content\/uploads\/2021\/04\/Sebra-para-produtores.png\" alt=\"\" width=\"1620\" height=\"154\" srcset=\"https:\/\/sebra.ag\/wp-content\/uploads\/2021\/04\/Sebra-para-produtores.png 1620w, https:\/\/sebra.ag\/wp-content\/uploads\/2021\/04\/Sebra-para-produtores-300x29.png 300w, https:\/\/sebra.ag\/wp-content\/uploads\/2021\/04\/Sebra-para-produtores-1024x97.png 1024w, https:\/\/sebra.ag\/wp-content\/uploads\/2021\/04\/Sebra-para-produtores-768x73.png 768w, https:\/\/sebra.ag\/wp-content\/uploads\/2021\/04\/Sebra-para-produtores-1536x146.png 1536w, https:\/\/sebra.ag\/wp-content\/uploads\/2021\/04\/Sebra-para-produtores-1600x152.png 1600w\" sizes=\"auto, (max-width: 1620px) 100vw, 1620px\" \/>[\/vc_column_text][\/vc_column][vc_column width=&#8221;1\/12&#8243;][\/vc_column][vc_column width=&#8221;5\/12&#8243;][\/vc_column][\/vc_row][vc_row full_width=&#8221;stretch_row_content_no_spaces&#8221;][vc_column width=&#8221;1\/12&#8243;][\/vc_column][vc_column width=&#8221;5\/12&#8243;][vc_column_text]O <strong>gergelim<\/strong> \u00e9 uma excelente alternativa como cultura de safrinha em \u00e1reas de janela de plantio, principalmente quando a cultura do milho torna-se de alto risco. <strong>Sua cultura exige menos \u00e1gua<\/strong>, e requer menor investimento por hectare em compara\u00e7\u00e3o com outros produtos agr\u00edcolas. Al\u00e9m disso, <strong>o gergelim oferece v\u00e1rios benef\u00edcios ao solo quando se trata de uma rota\u00e7\u00e3o de culturas.<\/strong><\/p>\n<p>O <strong>gergelim<\/strong> se destaca pela versatilidade. Pode ser cultivada em diferentes solos, regi\u00f5es e condi\u00e7\u00f5es ambientais e tem um ciclo de crescimento curto (de 90 a 120 dias). Al\u00e9m disso, seu plantio traz outras vantagens, como a redu\u00e7\u00e3o da eros\u00e3o do solo e do n\u00famero de nemat\u00f3ides do solo, al\u00e9m de <strong>contribuir para a redu\u00e7\u00e3o de ataques de pragas e doen\u00e7as nas lavouras.<\/strong><\/p>\n<p><span style=\"font-weight: 400;\">Nossa primeira planta de processamento est\u00e1 estrategicamente instalada no <strong>p\u00f3lo brasileiro de gergelim<\/strong>, localizado na cidade de <strong>Canarana<\/strong>, no estado de Mato Grosso, onde produtores e processadores apoiados por agro-cientistas v\u00eam expandindo sua expertise no cultivo de gergelim ao longo de d\u00e9cadas. Hoje, os agricultores brasileiros dominam a produ\u00e7\u00e3o de gergelim em larga escala por meio da colheita mecanizada, levando o Brasil a melhorar expressivamente sua participa\u00e7\u00e3o no ranking global de produtividade de gergelim.<\/span>[\/vc_column_text][\/vc_column][vc_column width=&#8221;1\/12&#8243;][\/vc_column][vc_column width=&#8221;5\/12&#8243;][vc_column_text]<img loading=\"lazy\" decoding=\"async\" class=\"aligncenter size-full wp-image-181\" src=\"https:\/\/sebra.ag\/wp-content\/uploads\/2021\/04\/Imagem_Growers.jpg\" alt=\"\" width=\"1080\" height=\"810\" srcset=\"https:\/\/sebra.ag\/wp-content\/uploads\/2021\/04\/Imagem_Growers.jpg 1080w, https:\/\/sebra.ag\/wp-content\/uploads\/2021\/04\/Imagem_Growers-300x225.jpg 300w, https:\/\/sebra.ag\/wp-content\/uploads\/2021\/04\/Imagem_Growers-1024x768.jpg 1024w, https:\/\/sebra.ag\/wp-content\/uploads\/2021\/04\/Imagem_Growers-768x576.jpg 768w\" sizes=\"auto, (max-width: 1080px) 100vw, 1080px\" \/>[\/vc_column_text][\/vc_column][\/vc_row][vc_row full_width=&#8221;stretch_row_content_no_spaces&#8221;][vc_column width=&#8221;1\/12&#8243;][\/vc_column][vc_column width=&#8221;5\/12&#8243;][vc_column_text]<span style=\"font-weight: 400;\">A <strong>Sebra<\/strong> apoia sua seleta rede de produtores com assessoria t\u00e9cnica de nossa equipe de agr\u00f4nomos e especialistas no cultivo de gergelim. A assist\u00eancia durante a temporada de gergelim inclui determina\u00e7\u00e3o da variedade, aplica\u00e7\u00e3o de insumos de qualidade, irriga\u00e7\u00e3o, configura\u00e7\u00e3o do equipamento, colheita e p\u00f3s-colheita. Buscamos sempre maximizar o desempenho e a produtividade dos campos de cultivo de gergelim administrados por parceiros, pois nosso sucesso \u00e9 baseado no sucesso de nossos produtores.<\/span><\/p>\n<p><img loading=\"lazy\" decoding=\"async\" class=\"wp-image-312 size-medium alignleft\" src=\"https:\/\/sebra.ag\/wp-content\/uploads\/2021\/06\/Logo_FuindacaoMT-300x160.png\" alt=\"\" width=\"300\" height=\"160\" srcset=\"https:\/\/sebra.ag\/wp-content\/uploads\/2021\/06\/Logo_FuindacaoMT-300x160.png 300w, https:\/\/sebra.ag\/wp-content\/uploads\/2021\/06\/Logo_FuindacaoMT-1024x546.png 1024w, https:\/\/sebra.ag\/wp-content\/uploads\/2021\/06\/Logo_FuindacaoMT-768x410.png 768w, https:\/\/sebra.ag\/wp-content\/uploads\/2021\/06\/Logo_FuindacaoMT.png 1323w\" sizes=\"auto, (max-width: 300px) 100vw, 300px\" \/><\/p>\n<p>&nbsp;<\/p>\n<p>&nbsp;<\/p>\n<p>&nbsp;<\/p>\n<p>&nbsp;<\/p>\n<p><span style=\"font-weight: 400;\">Em parceria com \u00f3rg\u00e3os de pesquisa como a <strong>Funda\u00e7\u00e3o Mato Grosso (www.fundacaomt.com.br)<\/strong>, temos buscado marcos e metas rumo \u00e0 excel\u00eancia em inova\u00e7\u00e3o. Al\u00e9m disso, nossa equipe t\u00e9cnica se dedica a apoiar os produtores em todas as fases da cultura, construindo relacionamentos mutuamente ben\u00e9ficos de longo prazo. Nosso objetivo \u00e9 trocar habilidades e conhecimentos para superar os n\u00edveis de produtividade e qualidade para a temporada de gergelim ano ap\u00f3s ano.<\/span>[\/vc_column_text][\/vc_column][vc_column width=&#8221;1\/12&#8243;][\/vc_column][vc_column width=&#8221;5\/12&#8243;][vc_column_text]<img loading=\"lazy\" decoding=\"async\" class=\"aligncenter size-full wp-image-182\" src=\"https:\/\/sebra.ag\/wp-content\/uploads\/2021\/04\/Imagem_Greoers.jpg\" alt=\"\" width=\"1080\" height=\"810\" srcset=\"https:\/\/sebra.ag\/wp-content\/uploads\/2021\/04\/Imagem_Greoers.jpg 1080w, https:\/\/sebra.ag\/wp-content\/uploads\/2021\/04\/Imagem_Greoers-300x225.jpg 300w, https:\/\/sebra.ag\/wp-content\/uploads\/2021\/04\/Imagem_Greoers-1024x768.jpg 1024w, https:\/\/sebra.ag\/wp-content\/uploads\/2021\/04\/Imagem_Greoers-768x576.jpg 768w\" sizes=\"auto, (max-width: 1080px) 100vw, 1080px\" \/>[\/vc_column_text][\/vc_column][\/vc_row][vc_row][vc_column width=&#8221;1\/4&#8243;][\/vc_column][vc_column width=&#8221;1\/2&#8243;][vc_empty_space][vc_column_text]<a href=\"https:\/\/sebra.ag\/contact-us\/\"><img loading=\"lazy\" decoding=\"async\" class=\"aligncenter size-full wp-image-273\" src=\"https:\/\/sebra.ag\/wp-content\/uploads\/2021\/04\/entre-em-contato-conosco.jpg\" alt=\"\" width=\"1924\" height=\"300\" srcset=\"https:\/\/sebra.ag\/wp-content\/uploads\/2021\/04\/entre-em-contato-conosco.jpg 1924w, https:\/\/sebra.ag\/wp-content\/uploads\/2021\/04\/entre-em-contato-conosco-300x47.jpg 300w, https:\/\/sebra.ag\/wp-content\/uploads\/2021\/04\/entre-em-contato-conosco-1024x160.jpg 1024w, https:\/\/sebra.ag\/wp-content\/uploads\/2021\/04\/entre-em-contato-conosco-768x120.jpg 768w, https:\/\/sebra.ag\/wp-content\/uploads\/2021\/04\/entre-em-contato-conosco-1536x240.jpg 1536w, https:\/\/sebra.ag\/wp-content\/uploads\/2021\/04\/entre-em-contato-conosco-1600x249.jpg 1600w\" sizes=\"auto, (max-width: 1924px) 100vw, 1924px\" \/><\/a>[\/vc_column_text][\/vc_column][vc_column width=&#8221;1\/4&#8243;][\/vc_column][\/vc_row]<\/p>","protected":false},"excerpt":{"rendered":"<p>[vc_row full_width=&#8221;stretch_row_content_no_spaces&#8221;][vc_column width=&#8221;1\/12&#8243;][\/vc_column][vc_column width=&#8221;5\/12&#8243;][vc_empty_space][vc_column_text][\/vc_column_text][\/vc_column][vc_column width=&#8221;1\/12&#8243;][\/vc_column][vc_column width=&#8221;5\/12&#8243;][\/vc_column][\/vc_row][vc_row full_width=&#8221;stretch_row_content_no_spaces&#8221;][vc_column width=&#8221;1\/12&#8243;][\/vc_column][vc_column width=&#8221;5\/12&#8243;][vc_column_text]O gergelim \u00e9 uma excelente alternativa como cultura de safrinha em \u00e1reas&hellip;<\/p>\n","protected":false},"author":1,"featured_media":92,"parent":0,"menu_order":0,"comment_status":"closed","ping_status":"closed","template":"","meta":{"footnotes":""},"class_list":["post-48","page","type-page","status-publish","has-post-thumbnail","hentry"],"yoast_head":"<!-- This site is optimized with the Yoast SEO plugin v23.9 - https:\/\/yoast.com\/wordpress\/plugins\/seo\/ -->\n<title>- Sebra<\/title>\n<meta name=\"robots\" content=\"index, follow, max-snippet:-1, max-image-preview:large, max-video-preview:-1\" \/>\n<link rel=\"canonical\" href=\"https:\/\/sebra.ag\/for-growers\/\" \/>\n<meta property=\"og:locale\" content=\"pt_BR\" \/>\n<meta property=\"og:type\" content=\"article\" \/>\n<meta property=\"og:title\" content=\"- Sebra\" \/>\n<meta property=\"og:description\" content=\"[vc_row full_width=&#8221;stretch_row_content_no_spaces&#8221;][vc_column width=&#8221;1\/12&#8243;][\/vc_column][vc_column width=&#8221;5\/12&#8243;][vc_empty_space][vc_column_text][\/vc_column_text][\/vc_column][vc_column width=&#8221;1\/12&#8243;][\/vc_column][vc_column width=&#8221;5\/12&#8243;][\/vc_column][\/vc_row][vc_row full_width=&#8221;stretch_row_content_no_spaces&#8221;][vc_column width=&#8221;1\/12&#8243;][\/vc_column][vc_column width=&#8221;5\/12&#8243;][vc_column_text]O gergelim \u00e9 uma excelente alternativa como cultura de safrinha em \u00e1reas&hellip;\" \/>\n<meta property=\"og:url\" content=\"https:\/\/sebra.ag\/for-growers\/\" \/>\n<meta property=\"og:site_name\" content=\"Sebra\" \/>\n<meta property=\"article:modified_time\" content=\"2021-07-13T21:13:25+00:00\" \/>\n<meta property=\"og:image\" content=\"https:\/\/sebra.ag\/wp-content\/uploads\/2021\/04\/FullBanner_ForGrowers.jpg\" \/>\n\t<meta property=\"og:image:width\" content=\"1920\" \/>\n\t<meta property=\"og:image:height\" content=\"1040\" \/>\n\t<meta property=\"og:image:type\" content=\"image\/jpeg\" \/>\n<meta name=\"twitter:card\" content=\"summary_large_image\" \/>\n<meta name=\"twitter:label1\" content=\"Est. tempo de leitura\" \/>\n\t<meta name=\"twitter:data1\" content=\"5 minutos\" \/>\n<script type=\"application\/ld+json\" class=\"yoast-schema-graph\">{\"@context\":\"https:\/\/schema.org\",\"@graph\":[{\"@type\":\"WebPage\",\"@id\":\"https:\/\/sebra.ag\/for-growers\/\",\"url\":\"https:\/\/sebra.ag\/for-growers\/\",\"name\":\"- Sebra\",\"isPartOf\":{\"@id\":\"https:\/\/sebra.ag\/pb\/#website\"},\"primaryImageOfPage\":{\"@id\":\"https:\/\/sebra.ag\/for-growers\/#primaryimage\"},\"image\":{\"@id\":\"https:\/\/sebra.ag\/for-growers\/#primaryimage\"},\"thumbnailUrl\":\"https:\/\/sebra.ag\/wp-content\/uploads\/2021\/04\/FullBanner_ForGrowers.jpg\",\"datePublished\":\"2021-04-12T23:36:14+00:00\",\"dateModified\":\"2021-07-13T21:13:25+00:00\",\"inLanguage\":\"pt-BR\",\"potentialAction\":[{\"@type\":\"ReadAction\",\"target\":[\"https:\/\/sebra.ag\/for-growers\/\"]}]},{\"@type\":\"ImageObject\",\"inLanguage\":\"pt-BR\",\"@id\":\"https:\/\/sebra.ag\/for-growers\/#primaryimage\",\"url\":\"https:\/\/sebra.ag\/wp-content\/uploads\/2021\/04\/FullBanner_ForGrowers.jpg\",\"contentUrl\":\"https:\/\/sebra.ag\/wp-content\/uploads\/2021\/04\/FullBanner_ForGrowers.jpg\",\"width\":1920,\"height\":1040},{\"@type\":\"WebSite\",\"@id\":\"https:\/\/sebra.ag\/pb\/#website\",\"url\":\"https:\/\/sebra.ag\/pb\/\",\"name\":\"Sebra\",\"description\":\"Your Sesame Partner\",\"publisher\":{\"@id\":\"https:\/\/sebra.ag\/pb\/#organization\"},\"potentialAction\":[{\"@type\":\"SearchAction\",\"target\":{\"@type\":\"EntryPoint\",\"urlTemplate\":\"https:\/\/sebra.ag\/pb\/?s={search_term_string}\"},\"query-input\":{\"@type\":\"PropertyValueSpecification\",\"valueRequired\":true,\"valueName\":\"search_term_string\"}}],\"inLanguage\":\"pt-BR\"},{\"@type\":\"Organization\",\"@id\":\"https:\/\/sebra.ag\/pb\/#organization\",\"name\":\"Sebra\",\"url\":\"https:\/\/sebra.ag\/pb\/\",\"logo\":{\"@type\":\"ImageObject\",\"inLanguage\":\"pt-BR\",\"@id\":\"https:\/\/sebra.ag\/pb\/#\/schema\/logo\/image\/\",\"url\":\"https:\/\/sebra.ag\/wp-content\/uploads\/2021\/04\/cropped-Logo_Footer_Sebra.png\",\"contentUrl\":\"https:\/\/sebra.ag\/wp-content\/uploads\/2021\/04\/cropped-Logo_Footer_Sebra.png\",\"width\":1080,\"height\":320,\"caption\":\"Sebra\"},\"image\":{\"@id\":\"https:\/\/sebra.ag\/pb\/#\/schema\/logo\/image\/\"}}]}<\/script>\n<!-- \/ Yoast SEO plugin. -->","yoast_head_json":{"title":"- Sebra","robots":{"index":"index","follow":"follow","max-snippet":"max-snippet:-1","max-image-preview":"max-image-preview:large","max-video-preview":"max-video-preview:-1"},"canonical":"https:\/\/sebra.ag\/for-growers\/","og_locale":"pt_BR","og_type":"article","og_title":"- Sebra","og_description":"[vc_row full_width=&#8221;stretch_row_content_no_spaces&#8221;][vc_column width=&#8221;1\/12&#8243;][\/vc_column][vc_column width=&#8221;5\/12&#8243;][vc_empty_space][vc_column_text][\/vc_column_text][\/vc_column][vc_column width=&#8221;1\/12&#8243;][\/vc_column][vc_column width=&#8221;5\/12&#8243;][\/vc_column][\/vc_row][vc_row full_width=&#8221;stretch_row_content_no_spaces&#8221;][vc_column width=&#8221;1\/12&#8243;][\/vc_column][vc_column width=&#8221;5\/12&#8243;][vc_column_text]O gergelim \u00e9 uma excelente alternativa como cultura de safrinha em \u00e1reas&hellip;","og_url":"https:\/\/sebra.ag\/for-growers\/","og_site_name":"Sebra","article_modified_time":"2021-07-13T21:13:25+00:00","og_image":[{"width":1920,"height":1040,"url":"https:\/\/sebra.ag\/wp-content\/uploads\/2021\/04\/FullBanner_ForGrowers.jpg","type":"image\/jpeg"}],"twitter_card":"summary_large_image","twitter_misc":{"Est. tempo de leitura":"5 minutos"},"schema":{"@context":"https:\/\/schema.org","@graph":[{"@type":"WebPage","@id":"https:\/\/sebra.ag\/for-growers\/","url":"https:\/\/sebra.ag\/for-growers\/","name":"- Sebra","isPartOf":{"@id":"https:\/\/sebra.ag\/pb\/#website"},"primaryImageOfPage":{"@id":"https:\/\/sebra.ag\/for-growers\/#primaryimage"},"image":{"@id":"https:\/\/sebra.ag\/for-growers\/#primaryimage"},"thumbnailUrl":"https:\/\/sebra.ag\/wp-content\/uploads\/2021\/04\/FullBanner_ForGrowers.jpg","datePublished":"2021-04-12T23:36:14+00:00","dateModified":"2021-07-13T21:13:25+00:00","inLanguage":"pt-BR","potentialAction":[{"@type":"ReadAction","target":["https:\/\/sebra.ag\/for-growers\/"]}]},{"@type":"ImageObject","inLanguage":"pt-BR","@id":"https:\/\/sebra.ag\/for-growers\/#primaryimage","url":"https:\/\/sebra.ag\/wp-content\/uploads\/2021\/04\/FullBanner_ForGrowers.jpg","contentUrl":"https:\/\/sebra.ag\/wp-content\/uploads\/2021\/04\/FullBanner_ForGrowers.jpg","width":1920,"height":1040},{"@type":"WebSite","@id":"https:\/\/sebra.ag\/pb\/#website","url":"https:\/\/sebra.ag\/pb\/","name":"Sebra","description":"Your Sesame Partner","publisher":{"@id":"https:\/\/sebra.ag\/pb\/#organization"},"potentialAction":[{"@type":"SearchAction","target":{"@type":"EntryPoint","urlTemplate":"https:\/\/sebra.ag\/pb\/?s={search_term_string}"},"query-input":{"@type":"PropertyValueSpecification","valueRequired":true,"valueName":"search_term_string"}}],"inLanguage":"pt-BR"},{"@type":"Organization","@id":"https:\/\/sebra.ag\/pb\/#organization","name":"Sebra","url":"https:\/\/sebra.ag\/pb\/","logo":{"@type":"ImageObject","inLanguage":"pt-BR","@id":"https:\/\/sebra.ag\/pb\/#\/schema\/logo\/image\/","url":"https:\/\/sebra.ag\/wp-content\/uploads\/2021\/04\/cropped-Logo_Footer_Sebra.png","contentUrl":"https:\/\/sebra.ag\/wp-content\/uploads\/2021\/04\/cropped-Logo_Footer_Sebra.png","width":1080,"height":320,"caption":"Sebra"},"image":{"@id":"https:\/\/sebra.ag\/pb\/#\/schema\/logo\/image\/"}}]}},"_links":{"self":[{"href":"https:\/\/sebra.ag\/pb\/wp-json\/wp\/v2\/pages\/48","targetHints":{"allow":["GET"]}}],"collection":[{"href":"https:\/\/sebra.ag\/pb\/wp-json\/wp\/v2\/pages"}],"about":[{"href":"https:\/\/sebra.ag\/pb\/wp-json\/wp\/v2\/types\/page"}],"author":[{"embeddable":true,"href":"https:\/\/sebra.ag\/pb\/wp-json\/wp\/v2\/users\/1"}],"replies":[{"embeddable":true,"href":"https:\/\/sebra.ag\/pb\/wp-json\/wp\/v2\/comments?post=48"}],"version-history":[{"count":13,"href":"https:\/\/sebra.ag\/pb\/wp-json\/wp\/v2\/pages\/48\/revisions"}],"predecessor-version":[{"id":331,"href":"https:\/\/sebra.ag\/pb\/wp-json\/wp\/v2\/pages\/48\/revisions\/331"}],"wp:featuredmedia":[{"embeddable":true,"href":"https:\/\/sebra.ag\/pb\/wp-json\/wp\/v2\/media\/92"}],"wp:attachment":[{"href":"https:\/\/sebra.ag\/pb\/wp-json\/wp\/v2\/media?parent=48"}],"curies":[{"name":"wp","href":"https:\/\/api.w.org\/{rel}","templated":true}]}}