{"id":50,"date":"2021-04-13T02:36:46","date_gmt":"2021-04-12T23:36:46","guid":{"rendered":"https:\/\/sebra.ag\/?page_id=50"},"modified":"2021-07-14T00:17:50","modified_gmt":"2021-07-13T21:17:50","slug":"for-buyers","status":"publish","type":"page","link":"https:\/\/sebra.ag\/pb\/for-buyers\/","title":{"rendered":""},"content":{"rendered":"<p>[vc_row][vc_column width=&#8221;1\/2&#8243;][vc_column_text]<img loading=\"lazy\" decoding=\"async\" class=\"aligncenter wp-image-271 size-full\" src=\"https:\/\/sebra.ag\/wp-content\/uploads\/2021\/04\/Sebra-para-comprador.png\" alt=\"\" width=\"1638\" height=\"154\" srcset=\"https:\/\/sebra.ag\/wp-content\/uploads\/2021\/04\/Sebra-para-comprador.png 1638w, https:\/\/sebra.ag\/wp-content\/uploads\/2021\/04\/Sebra-para-comprador-300x28.png 300w, https:\/\/sebra.ag\/wp-content\/uploads\/2021\/04\/Sebra-para-comprador-1024x96.png 1024w, https:\/\/sebra.ag\/wp-content\/uploads\/2021\/04\/Sebra-para-comprador-768x72.png 768w, https:\/\/sebra.ag\/wp-content\/uploads\/2021\/04\/Sebra-para-comprador-1536x144.png 1536w, https:\/\/sebra.ag\/wp-content\/uploads\/2021\/04\/Sebra-para-comprador-1600x150.png 1600w\" sizes=\"auto, (max-width: 1638px) 100vw, 1638px\" \/>[\/vc_column_text][\/vc_column][vc_column width=&#8221;1\/2&#8243;][\/vc_column][\/vc_row][vc_row][vc_column][vc_column_text]Asseguramos aos mercados de exporta\u00e7\u00e3o o gergelim branco natural, de qualidade diversas variedades brasileiras com m\u00faltiplas aplica\u00e7\u00f5es na ind\u00fastria de alimentos, confeitaria, panifica\u00e7\u00e3o e processamento de \u00f3leo.<\/p>\n<p>A <strong>Sebra<\/strong> possui equipe de vendas pr\u00f3pria sediada na <strong>Turquia e Taiwan<\/strong> para dar suporte aos clientes do <strong>Oriente M\u00e9dio<\/strong> <strong>e pa\u00edses asi\u00e1ticos<\/strong> proporcionando total assessoria nos processos de <strong>venda e p\u00f3s-venda.<\/strong>[\/vc_column_text][vc_empty_space height=&#8221;50px&#8221;][\/vc_column][\/vc_row][vc_row full_width=&#8221;stretch_row_content_no_spaces&#8221;][vc_column][vc_column_text]<img loading=\"lazy\" decoding=\"async\" class=\"aligncenter size-full wp-image-185\" src=\"https:\/\/sebra.ag\/wp-content\/uploads\/2021\/04\/Sesame-For-buyers-1.jpg\" alt=\"\" width=\"2206\" height=\"800\" srcset=\"https:\/\/sebra.ag\/wp-content\/uploads\/2021\/04\/Sesame-For-buyers-1.jpg 2206w, https:\/\/sebra.ag\/wp-content\/uploads\/2021\/04\/Sesame-For-buyers-1-300x109.jpg 300w, https:\/\/sebra.ag\/wp-content\/uploads\/2021\/04\/Sesame-For-buyers-1-1024x371.jpg 1024w, https:\/\/sebra.ag\/wp-content\/uploads\/2021\/04\/Sesame-For-buyers-1-768x279.jpg 768w, https:\/\/sebra.ag\/wp-content\/uploads\/2021\/04\/Sesame-For-buyers-1-1536x557.jpg 1536w, https:\/\/sebra.ag\/wp-content\/uploads\/2021\/04\/Sesame-For-buyers-1-2048x743.jpg 2048w, https:\/\/sebra.ag\/wp-content\/uploads\/2021\/04\/Sesame-For-buyers-1-1600x580.jpg 1600w\" sizes=\"auto, (max-width: 2206px) 100vw, 2206px\" \/>[\/vc_column_text][\/vc_column][\/vc_row][vc_row][vc_column][vc_empty_space height=&#8221;50px&#8221;][vc_column_text]Estando presentes nas etapas de produ\u00e7\u00e3o, processamento e garantia de qualidade, oferecemos um <strong>acompanhamento mais pr\u00f3ximo do campo ao porto de entrega<\/strong>, garantindo <strong>transpar\u00eancia e rastreabilidade em todos os contratos comerciais.<\/strong><\/p>\n<p>Nossa estrutura operacional foi criada para desenvolver <strong>parcerias sustent\u00e1veis e de longo prazo<\/strong> com processadores e distribuidores de alimentos em todo o mundo, desenvolvendo um fluxo de suprimento de <strong>gergelim otimizado, eficiente e de alta qualidade.<\/strong>[\/vc_column_text][vc_empty_space height=&#8221;50px&#8221;][\/vc_column][\/vc_row][vc_row full_width=&#8221;stretch_row_content_no_spaces&#8221;][vc_column][vc_column_text]<img loading=\"lazy\" decoding=\"async\" class=\"aligncenter size-full wp-image-186\" src=\"https:\/\/sebra.ag\/wp-content\/uploads\/2021\/04\/Sesame-for-buyers2.jpg\" alt=\"\" width=\"2206\" height=\"800\" srcset=\"https:\/\/sebra.ag\/wp-content\/uploads\/2021\/04\/Sesame-for-buyers2.jpg 2206w, https:\/\/sebra.ag\/wp-content\/uploads\/2021\/04\/Sesame-for-buyers2-300x109.jpg 300w, https:\/\/sebra.ag\/wp-content\/uploads\/2021\/04\/Sesame-for-buyers2-1024x371.jpg 1024w, https:\/\/sebra.ag\/wp-content\/uploads\/2021\/04\/Sesame-for-buyers2-768x279.jpg 768w, https:\/\/sebra.ag\/wp-content\/uploads\/2021\/04\/Sesame-for-buyers2-1536x557.jpg 1536w, https:\/\/sebra.ag\/wp-content\/uploads\/2021\/04\/Sesame-for-buyers2-2048x743.jpg 2048w, https:\/\/sebra.ag\/wp-content\/uploads\/2021\/04\/Sesame-for-buyers2-1600x580.jpg 1600w\" sizes=\"auto, (max-width: 2206px) 100vw, 2206px\" \/>[\/vc_column_text][\/vc_column][\/vc_row][vc_row][vc_column width=&#8221;1\/4&#8243;][\/vc_column][vc_column width=&#8221;1\/2&#8243;][vc_empty_space height=&#8221;50px&#8221;][vc_column_text]<a href=\"https:\/\/sebra.ag\/contact-us\/\"><img loading=\"lazy\" decoding=\"async\" class=\"aligncenter size-full wp-image-273\" src=\"https:\/\/sebra.ag\/wp-content\/uploads\/2021\/04\/entre-em-contato-conosco.jpg\" alt=\"\" width=\"1924\" height=\"300\" srcset=\"https:\/\/sebra.ag\/wp-content\/uploads\/2021\/04\/entre-em-contato-conosco.jpg 1924w, https:\/\/sebra.ag\/wp-content\/uploads\/2021\/04\/entre-em-contato-conosco-300x47.jpg 300w, https:\/\/sebra.ag\/wp-content\/uploads\/2021\/04\/entre-em-contato-conosco-1024x160.jpg 1024w, https:\/\/sebra.ag\/wp-content\/uploads\/2021\/04\/entre-em-contato-conosco-768x120.jpg 768w, https:\/\/sebra.ag\/wp-content\/uploads\/2021\/04\/entre-em-contato-conosco-1536x240.jpg 1536w, https:\/\/sebra.ag\/wp-content\/uploads\/2021\/04\/entre-em-contato-conosco-1600x249.jpg 1600w\" sizes=\"auto, (max-width: 1924px) 100vw, 1924px\" \/><\/a>[\/vc_column_text][\/vc_column][vc_column width=&#8221;1\/4&#8243;][\/vc_column][\/vc_row]<\/p>","protected":false},"excerpt":{"rendered":"<p>[vc_row][vc_column width=&#8221;1\/2&#8243;][vc_column_text][\/vc_column_text][\/vc_column][vc_column width=&#8221;1\/2&#8243;][\/vc_column][\/vc_row][vc_row][vc_column][vc_column_text]Asseguramos aos mercados de exporta\u00e7\u00e3o o gergelim branco natural, de qualidade diversas variedades brasileiras com m\u00faltiplas aplica\u00e7\u00f5es na&hellip;<\/p>\n","protected":false},"author":1,"featured_media":94,"parent":0,"menu_order":0,"comment_status":"closed","ping_status":"closed","template":"","meta":{"footnotes":""},"class_list":["post-50","page","type-page","status-publish","has-post-thumbnail","hentry"],"yoast_head":"<!-- This site is optimized with the Yoast SEO plugin v23.9 - https:\/\/yoast.com\/wordpress\/plugins\/seo\/ -->\n<title>- Sebra<\/title>\n<meta name=\"robots\" content=\"index, follow, max-snippet:-1, max-image-preview:large, max-video-preview:-1\" \/>\n<link rel=\"canonical\" href=\"https:\/\/sebra.ag\/for-buyers\/\" \/>\n<meta property=\"og:locale\" content=\"pt_BR\" \/>\n<meta property=\"og:type\" content=\"article\" \/>\n<meta property=\"og:title\" content=\"- Sebra\" \/>\n<meta property=\"og:description\" content=\"[vc_row][vc_column width=&#8221;1\/2&#8243;][vc_column_text][\/vc_column_text][\/vc_column][vc_column width=&#8221;1\/2&#8243;][\/vc_column][\/vc_row][vc_row][vc_column][vc_column_text]Asseguramos aos mercados de exporta\u00e7\u00e3o o gergelim branco natural, de qualidade diversas variedades brasileiras com m\u00faltiplas aplica\u00e7\u00f5es na&hellip;\" \/>\n<meta property=\"og:url\" content=\"https:\/\/sebra.ag\/for-buyers\/\" \/>\n<meta property=\"og:site_name\" content=\"Sebra\" \/>\n<meta property=\"article:modified_time\" content=\"2021-07-13T21:17:50+00:00\" \/>\n<meta property=\"og:image\" content=\"https:\/\/sebra.ag\/wp-content\/uploads\/2021\/04\/FullBanner_ForBuyers.jpg\" \/>\n\t<meta property=\"og:image:width\" content=\"1920\" \/>\n\t<meta property=\"og:image:height\" content=\"1040\" \/>\n\t<meta property=\"og:image:type\" content=\"image\/jpeg\" \/>\n<meta name=\"twitter:card\" content=\"summary_large_image\" \/>\n<meta name=\"twitter:label1\" content=\"Est. tempo de leitura\" \/>\n\t<meta name=\"twitter:data1\" content=\"3 minutos\" \/>\n<script type=\"application\/ld+json\" class=\"yoast-schema-graph\">{\"@context\":\"https:\/\/schema.org\",\"@graph\":[{\"@type\":\"WebPage\",\"@id\":\"https:\/\/sebra.ag\/for-buyers\/\",\"url\":\"https:\/\/sebra.ag\/for-buyers\/\",\"name\":\"- Sebra\",\"isPartOf\":{\"@id\":\"https:\/\/sebra.ag\/pb\/#website\"},\"primaryImageOfPage\":{\"@id\":\"https:\/\/sebra.ag\/for-buyers\/#primaryimage\"},\"image\":{\"@id\":\"https:\/\/sebra.ag\/for-buyers\/#primaryimage\"},\"thumbnailUrl\":\"https:\/\/sebra.ag\/wp-content\/uploads\/2021\/04\/FullBanner_ForBuyers.jpg\",\"datePublished\":\"2021-04-12T23:36:46+00:00\",\"dateModified\":\"2021-07-13T21:17:50+00:00\",\"inLanguage\":\"pt-BR\",\"potentialAction\":[{\"@type\":\"ReadAction\",\"target\":[\"https:\/\/sebra.ag\/for-buyers\/\"]}]},{\"@type\":\"ImageObject\",\"inLanguage\":\"pt-BR\",\"@id\":\"https:\/\/sebra.ag\/for-buyers\/#primaryimage\",\"url\":\"https:\/\/sebra.ag\/wp-content\/uploads\/2021\/04\/FullBanner_ForBuyers.jpg\",\"contentUrl\":\"https:\/\/sebra.ag\/wp-content\/uploads\/2021\/04\/FullBanner_ForBuyers.jpg\",\"width\":1920,\"height\":1040},{\"@type\":\"WebSite\",\"@id\":\"https:\/\/sebra.ag\/pb\/#website\",\"url\":\"https:\/\/sebra.ag\/pb\/\",\"name\":\"Sebra\",\"description\":\"Your Sesame Partner\",\"publisher\":{\"@id\":\"https:\/\/sebra.ag\/pb\/#organization\"},\"potentialAction\":[{\"@type\":\"SearchAction\",\"target\":{\"@type\":\"EntryPoint\",\"urlTemplate\":\"https:\/\/sebra.ag\/pb\/?s={search_term_string}\"},\"query-input\":{\"@type\":\"PropertyValueSpecification\",\"valueRequired\":true,\"valueName\":\"search_term_string\"}}],\"inLanguage\":\"pt-BR\"},{\"@type\":\"Organization\",\"@id\":\"https:\/\/sebra.ag\/pb\/#organization\",\"name\":\"Sebra\",\"url\":\"https:\/\/sebra.ag\/pb\/\",\"logo\":{\"@type\":\"ImageObject\",\"inLanguage\":\"pt-BR\",\"@id\":\"https:\/\/sebra.ag\/pb\/#\/schema\/logo\/image\/\",\"url\":\"https:\/\/sebra.ag\/wp-content\/uploads\/2021\/04\/cropped-Logo_Footer_Sebra.png\",\"contentUrl\":\"https:\/\/sebra.ag\/wp-content\/uploads\/2021\/04\/cropped-Logo_Footer_Sebra.png\",\"width\":1080,\"height\":320,\"caption\":\"Sebra\"},\"image\":{\"@id\":\"https:\/\/sebra.ag\/pb\/#\/schema\/logo\/image\/\"}}]}<\/script>\n<!-- \/ Yoast SEO plugin. -->","yoast_head_json":{"title":"- Sebra","robots":{"index":"index","follow":"follow","max-snippet":"max-snippet:-1","max-image-preview":"max-image-preview:large","max-video-preview":"max-video-preview:-1"},"canonical":"https:\/\/sebra.ag\/for-buyers\/","og_locale":"pt_BR","og_type":"article","og_title":"- Sebra","og_description":"[vc_row][vc_column width=&#8221;1\/2&#8243;][vc_column_text][\/vc_column_text][\/vc_column][vc_column width=&#8221;1\/2&#8243;][\/vc_column][\/vc_row][vc_row][vc_column][vc_column_text]Asseguramos aos mercados de exporta\u00e7\u00e3o o gergelim branco natural, de qualidade diversas variedades brasileiras com m\u00faltiplas aplica\u00e7\u00f5es na&hellip;","og_url":"https:\/\/sebra.ag\/for-buyers\/","og_site_name":"Sebra","article_modified_time":"2021-07-13T21:17:50+00:00","og_image":[{"width":1920,"height":1040,"url":"https:\/\/sebra.ag\/wp-content\/uploads\/2021\/04\/FullBanner_ForBuyers.jpg","type":"image\/jpeg"}],"twitter_card":"summary_large_image","twitter_misc":{"Est. tempo de leitura":"3 minutos"},"schema":{"@context":"https:\/\/schema.org","@graph":[{"@type":"WebPage","@id":"https:\/\/sebra.ag\/for-buyers\/","url":"https:\/\/sebra.ag\/for-buyers\/","name":"- Sebra","isPartOf":{"@id":"https:\/\/sebra.ag\/pb\/#website"},"primaryImageOfPage":{"@id":"https:\/\/sebra.ag\/for-buyers\/#primaryimage"},"image":{"@id":"https:\/\/sebra.ag\/for-buyers\/#primaryimage"},"thumbnailUrl":"https:\/\/sebra.ag\/wp-content\/uploads\/2021\/04\/FullBanner_ForBuyers.jpg","datePublished":"2021-04-12T23:36:46+00:00","dateModified":"2021-07-13T21:17:50+00:00","inLanguage":"pt-BR","potentialAction":[{"@type":"ReadAction","target":["https:\/\/sebra.ag\/for-buyers\/"]}]},{"@type":"ImageObject","inLanguage":"pt-BR","@id":"https:\/\/sebra.ag\/for-buyers\/#primaryimage","url":"https:\/\/sebra.ag\/wp-content\/uploads\/2021\/04\/FullBanner_ForBuyers.jpg","contentUrl":"https:\/\/sebra.ag\/wp-content\/uploads\/2021\/04\/FullBanner_ForBuyers.jpg","width":1920,"height":1040},{"@type":"WebSite","@id":"https:\/\/sebra.ag\/pb\/#website","url":"https:\/\/sebra.ag\/pb\/","name":"Sebra","description":"Your Sesame Partner","publisher":{"@id":"https:\/\/sebra.ag\/pb\/#organization"},"potentialAction":[{"@type":"SearchAction","target":{"@type":"EntryPoint","urlTemplate":"https:\/\/sebra.ag\/pb\/?s={search_term_string}"},"query-input":{"@type":"PropertyValueSpecification","valueRequired":true,"valueName":"search_term_string"}}],"inLanguage":"pt-BR"},{"@type":"Organization","@id":"https:\/\/sebra.ag\/pb\/#organization","name":"Sebra","url":"https:\/\/sebra.ag\/pb\/","logo":{"@type":"ImageObject","inLanguage":"pt-BR","@id":"https:\/\/sebra.ag\/pb\/#\/schema\/logo\/image\/","url":"https:\/\/sebra.ag\/wp-content\/uploads\/2021\/04\/cropped-Logo_Footer_Sebra.png","contentUrl":"https:\/\/sebra.ag\/wp-content\/uploads\/2021\/04\/cropped-Logo_Footer_Sebra.png","width":1080,"height":320,"caption":"Sebra"},"image":{"@id":"https:\/\/sebra.ag\/pb\/#\/schema\/logo\/image\/"}}]}},"_links":{"self":[{"href":"https:\/\/sebra.ag\/pb\/wp-json\/wp\/v2\/pages\/50","targetHints":{"allow":["GET"]}}],"collection":[{"href":"https:\/\/sebra.ag\/pb\/wp-json\/wp\/v2\/pages"}],"about":[{"href":"https:\/\/sebra.ag\/pb\/wp-json\/wp\/v2\/types\/page"}],"author":[{"embeddable":true,"href":"https:\/\/sebra.ag\/pb\/wp-json\/wp\/v2\/users\/1"}],"replies":[{"embeddable":true,"href":"https:\/\/sebra.ag\/pb\/wp-json\/wp\/v2\/comments?post=50"}],"version-history":[{"count":10,"href":"https:\/\/sebra.ag\/pb\/wp-json\/wp\/v2\/pages\/50\/revisions"}],"predecessor-version":[{"id":332,"href":"https:\/\/sebra.ag\/pb\/wp-json\/wp\/v2\/pages\/50\/revisions\/332"}],"wp:featuredmedia":[{"embeddable":true,"href":"https:\/\/sebra.ag\/pb\/wp-json\/wp\/v2\/media\/94"}],"wp:attachment":[{"href":"https:\/\/sebra.ag\/pb\/wp-json\/wp\/v2\/media?parent=50"}],"curies":[{"name":"wp","href":"https:\/\/api.w.org\/{rel}","templated":true}]}}